              
{"id":61,"date":"2023-08-30T08:15:55","date_gmt":"2023-08-30T08:15:55","guid":{"rendered":"https:\/\/helenopolis.es\/?page_id=61"},"modified":"2023-09-04T12:33:24","modified_gmt":"2023-09-04T12:33:24","slug":"legal-advise","status":"publish","type":"page","link":"https:\/\/helenopolis.es\/es\/aviso-legal\/","title":{"rendered":"Aviso Legal"},"content":{"rendered":"<section \n    class=\"fashion-title bg-dark py-50\"\n    style=\"                    background-image:url(https:\/\/helenopolis.es\/wp-content\/uploads\/fondo-scaled.jpg);            \">\n        \n        <div class=\"container-fluid\">\n            <h1 class=\"h2 fashion-title__title text-center text-white\">\n                                    Aviso Legal                            <\/h1>\n        <\/div>\n\n    <\/section>\n\n\n\n\n\n    \n        <section class=\"gdpr py-100\">\n            <div class=\"container\">\n                <h2>I. Informaci\u00f3n general<\/h2>\n                <p>\n                    En cumplimiento del deber de informaci\u00f3n previsto en la Ley 34\/2002 de\n                    Servicios de la Sociedad de la Informaci\u00f3n y de Comercio Electr\u00f3nico (LSSI-CE) de\n                    11 de julio, a continuaci\u00f3n se indican los datos de informaci\u00f3n general de este sitio web\n                    a continuaci\u00f3n:\n                <\/p>\n                <p>\n                    La propiedad de este sitio web,\n                    <a href=\"https:\/\/helenopolis.es\/es\/\">helenopolis.es<\/a>(en adelante,\n                    Sitio Web) ostenta: HELENOPOLIS SL, con NIF: B09869264, y cuyos datos de contacto\n                    contacto es:\n                <\/p>\n                <p>\n                    Direcci\u00f3n: C. Marqu\u00e9s de Larios, 5, 4, Puerta Izq., 29015 M\u00e1laga, Espa\u00f1a<br \/>Contacto telef\u00f3nico:\n                    <a href=\"tel:685747248\">685747248<\/a><br \/>Correo electr\u00f3nico de contacto:\n                    <a href=\"mailto:fran@helenopolis-properties.es\">fran@helenopolis-properties.es<\/a>\n                <\/p>\n                <h2>II. T\u00e9rminos y condiciones generales de uso<\/h2>\n                <h4>El objeto de las condiciones: El sitio web<\/h4>\n                <p>\n                    Las presentes Condiciones Generales de Uso (en adelante, Condiciones) tienen por objeto\n                    es regular el acceso y uso del Sitio Web. A los efectos de las\n                    presentes Condiciones, se entender\u00e1 por Sitio Web: la\n                    apariencia externa de las interfaces de pantalla, tanto est\u00e1tica como\n                    din\u00e1micamente, es decir, el \u00e1rbol de navegaci\u00f3n; y todos los elementos\n                    integrados tanto en las interfaces de pantalla como en el \u00e1rbol de navegaci\u00f3n\n                    (en adelante, Contenidos) y todos aquellos servicios o recursos en l\u00ednea que\n                    puedan ofrecerse a los Usuarios (en adelante, los Servicios).\n                <\/p>\n                <p>\n                    Helenopolis Properties se reserva la facultad de modificar, en cualquier momento, y sin aviso previo, la presentaci\u00f3n y configuraci\u00f3n del Sitio Web y de los Contenidos.\n                    previo aviso, la presentaci\u00f3n y configuraci\u00f3n del Sitio Web y de los\n                    Contenidos y Servicios que en \u00e9l pudieran incluirse. El Usuario reconoce\n                    y acepta que en cualquier momento Helenopolis Properties pueda interrumpir, desactivar y\n                    y\/o cancelar cualquiera de dichos elementos que se integran en el Sitio Web o\n                    acceso a los mismos.\n                <\/p>\n                <p>\n                    El acceso al Sitio Web por parte del Usuario tiene car\u00e1cter libre y, como regla general, es\n                    gratuito sin que el Usuario tenga que realizar contraprestaci\u00f3n alguna para disfrutar del mismo,\n                    salvo en lo relativo al coste de la conexi\u00f3n a trav\u00e9s de la red de\n                    telecomunicaciones suministrada por el proveedor de acceso que el Usuario haya\n                    contratado.\n                <\/p>\n                <p>\n                    La utilizaci\u00f3n de cualquiera de los Contenidos o Servicios del Sitio Web podr\u00e1 hacerse\n                    mediante la suscripci\u00f3n o registro previo del Usuario.\n                <\/p>\n                <h4>El usuario<\/h4>\n                <p>\n                    El acceso, navegaci\u00f3n y uso del Sitio Web, as\u00ed como los espacios\n                    habilitados para interactuar entre los Usuarios, y el Usuario y Helenopolis Properties,\n                    tales como comentarios y\/o espacios de blogging, confiere la condici\u00f3n de Usuario,\n                    por lo que todas las Condiciones aqu\u00ed establecidas, as\u00ed como sus\n                    modificaciones posteriores, son aceptadas desde el inicio de la\n                    navegaci\u00f3n por el Sitio Web, sin perjuicio de la aplicaci\u00f3n de las\n                    correspondiente normativa legal de obligado cumplimiento, en su caso. Dada la\n                    relevancia de lo anterior, se recomienda al Usuario que las lea cada\n                    cada vez que visite el Sitio Web.\n                <\/p>\n                <p>\n                    El sitio Web de Helenopolis Properties ofrece gran diversidad de informaci\u00f3n\n                    servicios y datos. El Usuario asume su responsabilidad para hacer un correcto\n                    correcto uso del Sitio Web. Dicha responsabilidad se extender\u00e1 a:\n                <\/p>\n                <ul>\n                    <li>\n                        El uso de la informaci\u00f3n, contenidos y\/o servicios y datos ofrecidos\n                        por Helenopolis Properties sin que sea contrario a lo dispuesto por las presentes\n                        Condiciones, la Ley, la moral o el orden p\u00fablico, o que de cualquier otro modo\n                        modo suponga lesi\u00f3n de los derechos de terceros o del funcionamiento de\n                        del Sitio Web.\n                    <\/li>\n                    <li>\n                        La veracidad y licitud de las informaciones aportadas por el Usuario en\n                        los formularios extendidos por Helenopolis Properties para el acceso a ciertos Contenidos o\n                        Servicios ofrecidos por el Portal. En todo caso, el Usuario\n                        notificar inmediatamente a Helenopolis Properties acerca de cualquier hecho que permita el\n                        uso indebido de la informaci\u00f3n registrada en dichos formularios, tales como,\n                        a t\u00edtulo enunciativo, pero no limitativo, el robo, extrav\u00edo, o el acceso no autorizado a\n                        identificadores y\/o contrase\u00f1as, con el fin de proceder a su inmediata\n                        cancelaci\u00f3n.\n                    <\/li>\n                <\/ul>\n                <p>\n                    Helenopolis Properties se reserva el derecho de retirar todos aquellos comentarios y\n                    aportaciones que atenten contra la ley, el respeto a la dignidad de la\n                    persona, que sean discriminatorios, xen\u00f3fobos, racistas, pornogr\u00e1ficos\n                    spamming, que atenten contra la juventud o la infancia, el orden o la\n                    seguridad p\u00fablica o que, a su juicio, no resulten adecuados para su publicaci\u00f3n.\n                <\/p>\n                <p>\n                    En cualquier caso, Helenopolis Properties no ser\u00e1 responsable de las opiniones\n                    expresadas por los Usuarios a trav\u00e9s de comentarios u otras herramientas de\n                    herramientas de participaci\u00f3n que puedan existir.\n                <\/p>\n                <p>\n                    El mero acceso a este Sitio Web no supone entablar ning\u00fan tipo de relaci\u00f3n comercial entre Helenopolis Properties y el Usuario.\n                    relaci\u00f3n comercial entre Helenopolis Properties y el Usuario.\n                <\/p>\n                <p>\n                    El Usuario declara ser mayor de edad y tener capacidad jur\u00eddica suficiente\n                    para vincularse por las presentes Condiciones. Por lo tanto, este Sitio Web de Helenopolis Properties no est\u00e1 dirigido a menores de edad. Helenopolis Properties declina cualquier responsabilidad por\n                    el incumplimiento de este requisito.\n                <\/p>\n                <p>\n                    El Sitio Web est\u00e1 dirigido principalmente a Usuarios residentes en Espa\u00f1a. Helenopolis Properties no asegura que el Sitio Web cumpla con las leyes de otros\n                    pa\u00edses, ya sea total o parcialmente. Si el Usuario reside o tiene su \/\n                    su domicilio en otro lugar y decide acceder y\/o navegar por el Sitio Web\n                    el Sitio Web lo har\u00e1 por su propia cuenta y riesgo, debiendo\n                    asegurarse de que dicho acceso y navegaci\u00f3n cumple con la legislaci\u00f3n local\n                    legislaci\u00f3n local que resulte de aplicaci\u00f3n, no asumiendo Helenopolis Properties ninguna\n                    responsabilidad que pudiera derivarse de dicho acceso.\n                <\/p>\n                <h2>\n                    III. Acceso y Navegaci\u00f3n en el Sitio Web: Exclusi\u00f3n de garant\u00edas y responsabilidad\n                <\/h2>\n                <p>\n                    Helenopolis Properties no garantiza la continuidad, disponibilidad y utilidad del Sitio Web, de los Contenidos o de los Servicios.\n                    utilidad del Sitio Web, ni de los Contenidos o Servicios. Helenopolis Properties har\u00e1 todo lo posible por el buen funcionamiento del Website,\n                    sin embargo, no se responsabiliza ni garantiza que el acceso a este\n                    Sitio Web sea ininterrumpido o libre de error.\n                <\/p>\n                <p>\n                    Tampoco se responsabiliza o garantiza que el contenido o software\n                    al que se pueda acceder a trav\u00e9s de este Sitio Web, est\u00e9 libre de error o cause\n                    da\u00f1os en el sistema inform\u00e1tico (software y hardware) del Usuario. En ning\u00fan\n                    caso Helenopolis Properties ser\u00e1 responsable por las p\u00e9rdidas, da\u00f1os o perjuicios de\n                    cualquier tipo derivados del acceso, navegaci\u00f3n y uso del Sitio Web,\n                    incluy\u00e9ndose, pero no limit\u00e1ndose, a los ocasionados a los sistemas inform\u00e1ticos o los\n                    causados por la introducci\u00f3n de virus.\n                <\/p>\n                <p>\n                    Helenopolis Properties no se hace responsable de los da\u00f1os que pudiesen ocasionarse a los\n                    usuarios por un uso inadecuado de este Sitio Web. En particular, no se hace\n                    responsable en modo alguno de las ca\u00eddas, interrupciones, falta o defecto de las\n                    telecomunicaciones que pudieran producirse.\n                <\/p>\n                <h2>IV. Pol\u00edtica de enlaces<\/h2>\n                <p>\n                    Se informa que el Sitio Web de Helenopolis Properties pone o puede poner a disposici\u00f3n de los Usuarios\n                    a disposici\u00f3n de los Usuarios medios de enlace (tales como, entre otros, links\n                    banners, botones), directorios y motores de b\u00fasqueda que permiten a los Usuarios\n                    acceder a sitios web pertenecientes y\/o gestionados por terceros.\n                <\/p>\n                <p>\n                    La instalaci\u00f3n de estos enlaces, directorios y motores de b\u00fasqueda en el\n                    Sitio Web tiene por objeto facilitar a los Usuarios la b\u00fasqueda y acceso a la\n                    informaci\u00f3n disponible en Internet, sin que pueda considerarse una\n                    sugerencia, recomendaci\u00f3n o invitaci\u00f3n para la visita de los mismos.\n                <\/p>\n                <p>\n                    Helenopolis Properties no ofrece ni comercializa por s\u00ed ni por medio de terceros\n                    los productos y\/o servicios disponibles en estos sitios enlazados.\n                <\/p>\n                <p>\n                    Asimismo, no garantizar\u00e1 la disponibilidad t\u00e9cnica, exactitud\n                    veracidad, validez o legalidad de sitios ajenos a su propiedad a los que se pueda\n                    acceder a trav\u00e9s de los enlaces.\n                <\/p>\n                <p>\n                    Helenopolis Properties en ning\u00fan caso revisar\u00e1 o controlar\u00e1 el contenido\n                    de otros sitios web, ni aprueba, examina o hace propios los productos y servicios\n                    y servicios, contenidos, archivos y cualquier otro material existente en los\n                    citados sitios enlazados.\n                <\/p>\n                <p>\n                    Helenopolis Properties no se hace responsable por los da\u00f1os y perjuicios que\n                    puedan producirse por el acceso, uso, calidad o licitud de los\n                    contenidos, comunicaciones, opiniones, productos y servicios de los\n                    sitios web no gestionados por Helenopolis Properties y que se encuentren enlazados en este Sitio Web.\n                <\/p>\n                <p>\n                    El Usuario o tercero que realice un hiperenlace desde una p\u00e1gina web de\n                    otro sitio web distinto al Sitio Web de Helenopolis Properties debe saber\n                    que:\n                <\/p>\n                <p>\n                    No se permite la reproducci\u00f3n -total o parcial- de ninguno de los Contenidos y\/o\n                    y\/o Servicios del Sitio Web sin la autorizaci\u00f3n expresa de Helenopolis Properties.\n                    autorizaci\u00f3n expresa de Helenopolis Properties.\n                <\/p>\n                <p>\n                    No se permite ninguna manifestaci\u00f3n falsa, inexacta o incorrecta sobre el\n                    Sitio Web de Helenopolis Properties, ni en los Contenidos y\/o Servicios del mismo.\n                <\/p>\n                <p>\n                    Salvo el hiperenlace, el sitio web en el que se establezca dicho hiperenlace\n                    no contendr\u00e1 ning\u00fan elemento de este Sitio Web, protegido como\n                    propiedad intelectual por el ordenamiento jur\u00eddico espa\u00f1ol, salvo autorizaci\u00f3n expresa de\n                    autorizaci\u00f3n expresa de Helenopolis Properties.\n                <\/p>\n                <p>\n                    El establecimiento del hiperv\u00ednculo no implicar\u00e1 la existencia de\n                    relaciones entre Helenopolis Properties y el titular de la p\u00e1gina web desde la que se realice\n                    desde el cual se realice, ni el conocimiento y aceptaci\u00f3n de Helenopolis Properties de los contenidos, servicios y\/o actividades ofrecidos en dicho sitio web.\n                    contenidos, servicios y\/o actividades ofrecidos en dicho sitio web. sitio web,\n                    y viceversa.\n                <\/p>\n                <h2>V. Propiedad intelectual e industrial<\/h2>\n                <p>\n                    Helenopolis Properties por s\u00ed o como cesionaria, es titular de todos los derechos de propiedad\n                    derechos de propiedad intelectual e industrial del Sitio Web, as\u00ed como de\n                    los elementos contenidos en el mismo (a t\u00edtulo enunciativo y no exhaustivo, im\u00e1genes\n                    sonido, audio) , v\u00eddeo, software o textos, marcas o logotipos,\n                    combinaciones de colores, estructura y dise\u00f1o, selecci\u00f3n de materiales usados\n                    materiales utilizados, programas de ordenador necesarios para su funcionamiento, acceso y\n                    utilizaci\u00f3n, etc.). Ser\u00e1n, por tanto, obras protegidas como propiedad intelectual\n                    propiedad por el ordenamiento jur\u00eddico espa\u00f1ol, siendo de aplicaci\u00f3n tanto la normativa espa\u00f1ola como\n                    normativa europea en la materia, as\u00ed como los tratados internacionales\n                    relacionados con la materia y suscritos por Espa\u00f1a.\n                <\/p>\n                <p>\n                    Todos los derechos reservados. En virtud de lo dispuesto en la Ley de Propiedad\n                    Propiedad Intelectual, la reproducci\u00f3n, distribuci\u00f3n y comunicaci\u00f3n p\u00fablica\n                    incluida su modalidad de puesta a disposici\u00f3n, de la totalidad o parte de los contenidos de\n                    esta p\u00e1gina web, con fines comerciales, quedan expresamente prohibidas. en cualquier\n                    soporte y por cualquier medio t\u00e9cnico, sin la autorizaci\u00f3n de\n                    Helenopolis Properties.\n                <\/p>\n                <p>\n                    El Usuario se compromete a respetar los derechos de Propiedad Intelectual e Industrial\n                    industrial de Helenopolis Properties. Podr\u00e1 visualizar los elementos del portal o incluso\n                    imprimirlos, copiarlos y almacenarlos en el disco duro de su ordenador o en\n                    cualquier otro soporte f\u00edsico, siempre y cuando sea, \u00fanica y exclusivamente, para su\n                    uso personal. No obstante, el Usuario no podr\u00e1 suprimir, alterar, eludir o manipular\n                    cualquier dispositivo de protecci\u00f3n o sistema de seguridad que estuviera instalado en el\n                    Sitio Web.\n                <\/p>\n                <p>\n                    En el supuesto de que el Usuario o un tercero consideren que cualquiera de los\n                    Contenidos del Sitio Web constituye una violaci\u00f3n de los derechos de\n                    derechos de protecci\u00f3n de la propiedad intelectual, deber\u00e1 comunicarlo inmediatamente a Helenopolis Properties a trav\u00e9s de\n                    los datos de contacto que figuran en el apartado de INFORMACI\u00d3N GENERAL del presente\n                    Aviso Legal y Condiciones Generales de Uso.\n                <\/p>\n                <h2>VI. Acciones legales, legislaci\u00f3n aplicable y jurisdicci\u00f3n<\/h2>\n                <p>\n                    Helenopolis Properties se reserva la facultad de presentar las acciones civiles o penales\n                    que se estimen oportunas por la utilizaci\u00f3n indebida del Sitio Web y Contenidos, o por\n                    incumplimiento de las presentes Condiciones.\n                <\/p>\n                <p>\n                    La relaci\u00f3n entre el Usuario y Helenopolis Properties se regir\u00e1 por\n                    normativa vigente y de aplicaci\u00f3n en el territorio espa\u00f1ol. Si surgiera cualquier\n                    controversia surgiera en relaci\u00f3n con la interpretaci\u00f3n y\/o aplicaci\u00f3n de las\n                    estas Condiciones, las partes someten sus controversias a la jurisdicci\u00f3n ordinaria\n                    jurisdicci\u00f3n ordinaria someti\u00e9ndose a los jueces y tribunales que correspondan\n                    conforme a derecho.\n                <\/p>\n            <\/div>\n        <\/section>","protected":false},"excerpt":{"rendered":"","protected":false},"author":3,"featured_media":0,"parent":0,"menu_order":0,"comment_status":"closed","ping_status":"closed","template":"","meta":{"footnotes":""},"class_list":["post-61","page","type-page","status-publish","hentry"],"_links":{"self":[{"href":"https:\/\/helenopolis.es\/es\/wp-json\/wp\/v2\/pages\/61","targetHints":{"allow":["GET"]}}],"collection":[{"href":"https:\/\/helenopolis.es\/es\/wp-json\/wp\/v2\/pages"}],"about":[{"href":"https:\/\/helenopolis.es\/es\/wp-json\/wp\/v2\/types\/page"}],"author":[{"embeddable":true,"href":"https:\/\/helenopolis.es\/es\/wp-json\/wp\/v2\/users\/3"}],"replies":[{"embeddable":true,"href":"https:\/\/helenopolis.es\/es\/wp-json\/wp\/v2\/comments?post=61"}],"version-history":[{"count":0,"href":"https:\/\/helenopolis.es\/es\/wp-json\/wp\/v2\/pages\/61\/revisions"}],"wp:attachment":[{"href":"https:\/\/helenopolis.es\/es\/wp-json\/wp\/v2\/media?parent=61"}],"curies":[{"name":"wp","href":"https:\/\/api.w.org\/{rel}","templated":true}]}}