              
{"id":59,"date":"2023-08-30T08:15:46","date_gmt":"2023-08-30T08:15:46","guid":{"rendered":"https:\/\/helenopolis.es\/?page_id=59"},"modified":"2023-09-04T12:31:41","modified_gmt":"2023-09-04T12:31:41","slug":"cookies","status":"publish","type":"page","link":"https:\/\/helenopolis.es\/es\/galletas\/","title":{"rendered":"Cookies"},"content":{"rendered":"<section \n    class=\"fashion-title bg-dark py-50\"\n    style=\"                    background-image:url(https:\/\/helenopolis.es\/wp-content\/uploads\/fondo-scaled.jpg);            \">\n        \n        <div class=\"container-fluid\">\n            <h1 class=\"h2 fashion-title__title text-center text-white\">\n                                    Cookies                            <\/h1>\n        <\/div>\n\n    <\/section>\n\n\n\n\n\n    <section class=\"gdpr py-100\">\n        <div class=\"container\">\n            <p>\n                El acceso a este sitio web puede implicar el uso de cookies. Las cookies son peque\u00f1as\n                cantidades de informaci\u00f3n que se almacenan en el navegador utilizado por cada Usuario\n                - en los diferentes dispositivos que se puedan utilizar para navegar- de manera que el\n                servidor recuerde cierta informaci\u00f3n que posteriormente y s\u00f3lo el servidor que la\n                lo implement\u00f3 leer\u00e1. Las cookies facilitan la navegaci\u00f3n, la hacen m\u00e1s\n                amigable, y no da\u00f1an el dispositivo de navegaci\u00f3n.\n            <\/p>\n            <p>\n                Las cookies son procedimientos autom\u00e1ticos de recogida de informaci\u00f3n relativa a\n                las preferencias determinadas por el Usuario durante su visita al Sitio Web\n                con el fin de reconocerle como Usuario, y personalizar su experiencia\n                y uso del Sitio Web, y tambi\u00e9n pueden, por ejemplo, ayudar a identificar y\n                identificar y resolver errores.\n            <\/p>\n            <p>\n                La informaci\u00f3n recogida a trav\u00e9s de las cookies puede incluir la fecha y hora\n                de las visitas al Sitio Web, las p\u00e1ginas visitadas, el tiempo que ha estado en\n                el Sitio Web y los sitios visitados justo antes y despu\u00e9s. Sin embargo, ninguna\n                cookie permite ponerse en contacto con el n\u00famero de tel\u00e9fono del Usuario o\n                cualquier otro medio de contacto personal. Ninguna cookie puede extraer informaci\u00f3n\n                del disco duro del Usuario ni robar informaci\u00f3n personal. La \u00fanica manera\n                de que la informaci\u00f3n privada del Usuario forme parte del archivo Cookie es que\n                el Usuario d\u00e9 personalmente esa informaci\u00f3n al servidor.\n            <\/p>\n            <p>\n                Las cookies que permiten identificar a una persona se consideran datos personales.\n                personales. Por tanto, les ser\u00e1 de aplicaci\u00f3n la Pol\u00edtica de Privacidad descrita anteriormente.\n                En este sentido, ser\u00e1 necesario el consentimiento del Usuario para utilizarlas. Este\n                consentimiento ser\u00e1 comunicado, basado en una elecci\u00f3n aut\u00e9ntica, ofrecida\n                a trav\u00e9s de una decisi\u00f3n afirmativa y positiva, previa al inicio del\n                tratamiento, extra\u00edble y documentada.\n            <\/p>\n            <h4>Galletas propias<\/h4>\n            <p>\n                Son aquellas cookies que son enviadas al ordenador o dispositivo del Usuario y\n                gestionadas exclusivamente por Helenopolis Properties para el mejor funcionamiento del\n                Sitio Web. La informaci\u00f3n que se recoge se emplea para mejorar la\n                calidad del Sitio Web y sus Contenidos y su experiencia como Usuario.\n                Estas cookies permiten reconocer al Usuario como visitante recurrente de\n                el Sitio Web y adaptar el contenido para ofrecerle contenidos que se ajusten a sus\n                preferencias.\n            <\/p>\n            <h4>Cookies de terceros<\/h4>\n            <p>\n                Son cookies utilizadas y gestionadas por entidades externas que prestan\n                Helenopolis Properties servicios solicitados por el mismo para mejorar el Sitio Web y\n                la experiencia del usuario al navegar por el Sitio Web. Los principales objetivos para\n                los que se utilizan las cookies de terceros son la obtenci\u00f3n de estad\u00edsticas de acceso y\n                analizar la informaci\u00f3n de navegaci\u00f3n, es decir, c\u00f3mo interact\u00faa el Usuario\n                con el Sitio Web.\n            <\/p>\n            <p>\n                La informaci\u00f3n obtenida se refiere, por ejemplo, al n\u00famero de p\u00e1ginas\n                visitadas, el idioma, el lugar donde se encuentra la direcci\u00f3n IP desde la que el\n                Usuario accede, el n\u00famero de Usuarios que acceden, la frecuencia y\n                reincidencia de las visitas, el tiempo de visita, el navegador que usan, el\n                operador o tipo de dispositivo desde el que se realiza la visita. Esta informaci\u00f3n de\n                informaci\u00f3n se utiliza para mejorar el Sitio Web, y detectar nuevas necesidades para\n                ofrecer a los Usuarios un Contenido y\/o servicio de \u00f3ptima calidad. En cualquier caso\n                la informaci\u00f3n se recoge de forma an\u00f3nima y se elaboran informes de tendencias del sitio web\n                elaborados sin identificar a usuarios individuales.\n            <\/p>\n            <p>\n                La(s) entidad(es) encargada(s) del suministro de cookies podr\u00e1(n) ceder esta\n                informaci\u00f3n a terceros, siempre que la ley as\u00ed lo exija o a un tercero\n                tercero que procese esta informaci\u00f3n para estas entidades.\n            <\/p>\n            <h4>Cookies de redes sociales<\/h4>\n            <p>\n                Helenopolis Properties incorpora plugins de redes sociales, que permiten el acceso a\n                las mismas desde el Sitio Web. Por este motivo, las cookies de redes sociales pueden\n                almacenadas en el navegador del Usuario. Los titulares de estas redes sociales tienen\n                sus propias pol\u00edticas de protecci\u00f3n de datos y de cookies, siendo ellos mismos, en\n                cada caso, responsables de sus propios ficheros y de sus propias pr\u00e1cticas de privacidad.\n                privacidad. El Usuario deber\u00e1 remitirse a las mismas para conocer dichas cookies y,\n                en su caso, el tratamiento de sus datos personales. A efectos meramente informativos de\n                efectos meramente informativos, a continuaci\u00f3n se indican los enlaces en los que se pueden\n                consultar dichas pol\u00edticas de privacidad y\/o cookies:\n            <\/p>\n            <ul>\n                <li>\n                    Facebook:\n                    <a href=\"https:\/\/www.facebook.com\/policies\/cookies\" target=\"_blank\"\n                        >facebook.com\/policies\/cookies<\/a\n>\n                <\/li>\n                <li>\n                    Twitter:\n                    <a href=\"https:\/\/twitter.com\/es\/privacy\" target=\"_blank\"\n                        >twitter.com\/es\/privacidad<\/a\n>\n                <\/li>\n                <li>\n                    Instagram:\n                    <a\n                        href=\"https:\/\/help.instagram.com\/1896641480634370?ref=ig\"\n                        target=\"_blank\"\n                        >ayuda.instagram.com<\/a\n>\n                <\/li>\n                <li>\n                    Youtube:\n                    <a\n                        href=\"https:\/\/policies.google.com\/privacy?hl=es-419&amp;gl=mx\"\n                        target=\"_blank\"\n                        >pol\u00edticas.google.com\/privacidad<\/a\n>\n                <\/li>\n                <li>\n                    Google+:\n                    <a\n                        href=\"https:\/\/policies.google.com\/technologies\/cookies?hl=es\"\n                        target=\"_blank\"\n                        >policies.google.com\/technologies\/cookies<\/a\n>\n                <\/li>\n                <li>\n                    Pinterest:\n                    <a\n                        href=\"https:\/\/policy.pinterest.com\/es\/privacy-policy\"\n                        target=\"_blank\"\n                        >pol\u00edtica.pinterest.com\/es\/pol\u00edtica-de-privacidad<\/a\n>\n                <\/li>\n                <li>\n                    LinkedIn:\n                    <a\n                        href=\"https:\/\/www.linkedin.com\/legal\/cookie-policy?trk=hp-cookies\"\n                        target=\"_blank\"\n                        >linkedin.com\/legal\/cookie-policy<\/a\n>\n                <\/li>\n            <\/ul>\n            <h4>Desactivar, rechazar y eliminar cookies<\/h4>\n            <p>\n                El Usuario puede desactivar, rechazar y eliminar las cookies -total o\n                parcialmente- instaladas en su dispositivo mediante la configuraci\u00f3n de su navegador\n                (entre los que se encuentran, por ejemplo, Chrome, Firefox, Safari, Explorer). En\n                este sentido, los procedimientos para rechazar y eliminar las cookies pueden\n                diferir de un navegador de Internet a otro. En consecuencia, el Usuario deber\u00e1\n                acudir a las instrucciones facilitadas por el navegador de Internet que est\u00e9\n                utilice. En el caso de que rechace el uso de cookies -total o\n                parcialmente- podr\u00e1 seguir usando el Sitio Web, aunque podr\u00e1 tener un uso\n                limitado el uso de algunas de sus funcionalidades.\n            <\/p>\n        <\/div>\n    <\/section>","protected":false},"excerpt":{"rendered":"","protected":false},"author":3,"featured_media":0,"parent":0,"menu_order":0,"comment_status":"closed","ping_status":"closed","template":"","meta":{"footnotes":""},"class_list":["post-59","page","type-page","status-publish","hentry"],"_links":{"self":[{"href":"https:\/\/helenopolis.es\/es\/wp-json\/wp\/v2\/pages\/59","targetHints":{"allow":["GET"]}}],"collection":[{"href":"https:\/\/helenopolis.es\/es\/wp-json\/wp\/v2\/pages"}],"about":[{"href":"https:\/\/helenopolis.es\/es\/wp-json\/wp\/v2\/types\/page"}],"author":[{"embeddable":true,"href":"https:\/\/helenopolis.es\/es\/wp-json\/wp\/v2\/users\/3"}],"replies":[{"embeddable":true,"href":"https:\/\/helenopolis.es\/es\/wp-json\/wp\/v2\/comments?post=59"}],"version-history":[{"count":0,"href":"https:\/\/helenopolis.es\/es\/wp-json\/wp\/v2\/pages\/59\/revisions"}],"wp:attachment":[{"href":"https:\/\/helenopolis.es\/es\/wp-json\/wp\/v2\/media?parent=59"}],"curies":[{"name":"wp","href":"https:\/\/api.w.org\/{rel}","templated":true}]}}