              
{"id":57,"date":"2023-08-30T08:15:39","date_gmt":"2023-08-30T08:15:39","guid":{"rendered":"https:\/\/helenopolis.es\/?page_id=57"},"modified":"2023-09-04T12:32:22","modified_gmt":"2023-09-04T12:32:22","slug":"privacy-policy","status":"publish","type":"page","link":"https:\/\/helenopolis.es\/es\/politica-de-privacidad\/","title":{"rendered":"Pol\u00edtica de privacidad"},"content":{"rendered":"<section \n    class=\"fashion-title bg-dark py-50\"\n    style=\"                    background-image:url(https:\/\/helenopolis.es\/wp-content\/uploads\/fondo-scaled.jpg);            \">\n        \n        <div class=\"container-fluid\">\n            <h1 class=\"h2 fashion-title__title text-center text-white\">\n                                    Pol\u00edtica de privacidad                            <\/h1>\n        <\/div>\n\n    <\/section>\n\n\n\n\n\n    \n        <section class=\"gdpr py-100\">\n            <div class=\"container\">\n                <h2>I. Pol\u00edtica de privacidad y protecci\u00f3n de datos<\/h2>\n                <p>\n                    Respetando lo dispuesto en la legislaci\u00f3n vigente, Helenopolis Properties (en adelante, tambi\u00e9n Sitio Web) se compromete a adoptar las necesarias\n                    medidas t\u00e9cnicas y organizativas necesarias, seg\u00fan el nivel de\n                    seguridad adecuado al riesgo de los datos recogidos.\n                <\/p>\n                <h4>Leyes que incorporan esta pol\u00edtica de privacidad<\/h4>\n                <p>\n                    Esta pol\u00edtica de privacidad est\u00e1 adaptada a la normativa espa\u00f1ola y europea en\n                    vigente en materia de protecci\u00f3n de datos personales en Internet. En\n                    particular, respeta las siguientes normas:\n                <\/p>\n                <ul>\n                    <li>\n                        Reglamento (UE) 2016\/679 del Parlamento Europeo y del\n                        Consejo, de 27 de abril de 2016, relativo a la protecci\u00f3n de las personas f\u00edsicas en lo\n                        lo que respecta al tratamiento de datos personales y a la libre circulaci\u00f3n de\n                        dichos datos ( RGPD).\n                    <\/li>\n                    <li>\n                        La Ley Org\u00e1nica 15\/1999, de 13 de diciembre, de Protecci\u00f3n de\n                        Datos de Car\u00e1cter Personal (LOPD).\n                    <\/li>\n                    <li>\n                        Real Decreto 1720\/2007, de 21 de diciembre, por el que se aprueba el\n                        Reglamento de desarrollo de la Ley Org\u00e1nica 15\/1999, de 13 de diciembre\n                        13, de Protecci\u00f3n de Datos de Car\u00e1cter Personal (RDLOPD).\n                    <\/li>\n                    <li>\n                        Ley 34\/2002, de 11 de julio, de Servicios de la Sociedad de la Informaci\u00f3n y de\n                        Comercio Electr\u00f3nico (LSSI-CE).\n                    <\/li>\n                <\/ul>\n                <h4>\n                    Identidad del responsable del tratamiento de datos personales\n                <\/h4>\n                <p>\n                    El responsable del tratamiento de los datos personales recogidos en\n                    Helenopolis Properties es: HELENOPOLIS SL, con NIF: B09869264 (en adelante,\n                    Responsable del tratamiento). Sus datos de contacto son los siguientes:\n                <\/p>\n                <p>\n                    Direcci\u00f3n: C. Marqu\u00e9s de Larios, 5, 4, Puerta Izq., 29015 M\u00e1laga, Espa\u00f1a<br \/>N\u00famero de tel\u00e9fono de contacto:\n                    <a href=\"tel:685747248\">685747248<\/a><br \/>Correo electr\u00f3nico de contacto:\n                    <a href=\"mailto:fran@helenopolis-properties.es\">fran@helenopolis-properties.es<\/a>\n                <\/p>\n                <h4>Registro de datos personales<\/h4>\n                <p>\n                    Los datos personales recabados por Helenopolis Properties, mediante los formularios\n                    extendidos en sus p\u00e1ginas, ser\u00e1n introducidos en un fichero automatizado bajo la\n                    responsabilidad del Responsable del tratamiento, y debidamente declarados\n                    e inscritos en el Registro General de la Agencia de Protecci\u00f3n de Datos\n                    que puede consultarse en la p\u00e1gina web de la Agencia Espa\u00f1ola de Protecci\u00f3n de Datos\n                    Protecci\u00f3n de Datos (http:\/\/www.agpd.es), con la finalidad de facilitar, agilizar y\n                    cumplir los compromisos establecidos entre Helenopolis Properties y el Usuario o\n                    el mantenimiento de la relaci\u00f3n que se establezca en los formularios que \u00e9ste\n                    cumplimente, o para dar respuesta a una solicitud o consulta del mismo.\n                <\/p>\n                <h4>Principios aplicables al tratamiento de datos personales<\/h4>\n                <p>\n                    El tratamiento de los datos personales del Usuario estar\u00e1 sujeto a los\n                    siguientes principios establecidos en el art\u00edculo 5 del RGPD:\n                <\/p>\n                <ul>\n                    <li>\n                        Principio de legalidad, lealtad y transparencia: el consentimiento del\n                        Usuario se requerir\u00e1 en todo momento previo a la informaci\u00f3n completamente transparente\n                        informaci\u00f3n de las finalidades para las que los datos personales son\n                        recabados.\n                    <\/li>\n                    <li>\n                        Principio de limitaci\u00f3n de la finalidad: los datos personales se recoger\u00e1n\n                        con fines espec\u00edficos, expl\u00edcitos y leg\u00edtimos.\n                    <\/li>\n                    <li>\n                        Principio de minimizaci\u00f3n de datos: los datos personales recogidos ser\u00e1n\n                        s\u00f3lo los estrictamente necesarios en relaci\u00f3n con los fines para\n                        los que son tratados.\n                    <\/li>\n                    <li>\n                        Principio de exactitud: los datos personales deben ser exactos y estar siempre\n                        actualizados.\n                    <\/li>\n                    <li>\n                        Principio de limitaci\u00f3n del plazo de conservaci\u00f3n: los datos personales\n                        s\u00f3lo se conservar\u00e1n de forma que permitan la identificaci\u00f3n del\n                        el Usuario durante el tiempo necesario para los fines de su\n                        tratamiento.\n                    <\/li>\n                    <li>\n                        Principio de integridad y confidencialidad: los datos personales ser\u00e1n\n                        tratados de forma que se garantice su seguridad y confidencialidad.\n                    <\/li>\n                    <li>\n                        Principio de responsabilidad proactiva: El responsable del tratamiento ser\u00e1\n                        responsable de garantizar el cumplimiento de los principios anteriores.\n                    <\/li>\n                <\/ul>\n                <h4>Categor\u00edas de datos personales<\/h4>\n                <p>\n                    Las categor\u00edas de datos que se tratan en Helenopolis Properties son \u00fanicamente\n                    datos identificativos. En ning\u00fan caso se tratan categor\u00edas especiales de datos personales\n                    tratados en el sentido del art\u00edculo 9 del RGPD.\n                <\/p>\n                <h4>Base jur\u00eddica para el tratamiento de datos personales<\/h4>\n                <p>\n                    La base legal para el tratamiento de datos personales es el consentimiento.\n                    Helenopolis Properties se compromete a recabar el consentimiento expreso y verificable\n                    del Usuario para el tratamiento de sus datos personales con uno o varios\n                    finalidades concretas.\n                <\/p>\n                <p>\n                    El Usuario tendr\u00e1 derecho a retirar su consentimiento en cualquier momento. En\n                    ser\u00e1 tan f\u00e1cil retirar el consentimiento como darlo. Como\n                    regla general, la retirada del consentimiento no condicionar\u00e1 el uso de\n                    del Sitio Web.\n                <\/p>\n                <p>\n                    En las ocasiones en que el Usuario deba o pueda facilitar sus datos a trav\u00e9s de\n                    formularios para realizar consultas, solicitar informaci\u00f3n o por motivos relacionados con\n                    el contenido del Sitio Web, se le informar\u00e1 en caso de que la cumplimentaci\u00f3n\n                    de alguno de ellos sea obligatoria por resultar imprescindible para el correcto\n                    desarrollo de la operaci\u00f3n realizada.\n                <\/p>\n                <h4>Finalidad del tratamiento al que se destinan los datos personales<\/h4>\n                <p>\n                    Los datos personales son recabados y gestionados por Helenopolis Properties con la finalidad de\n                    facilitar, agilizar y cumplir los compromisos establecidos entre el\n                    Sitio Web y el Usuario o el mantenimiento de la relaci\u00f3n que se establezca\n                    en los formularios que \u00e9ste cumplimente o para dar respuesta a una solicitud o\n                    consulta.\n                <\/p>\n                <p>\n                    Asimismo, los datos podr\u00e1n ser utilizados con una finalidad comercial de\n                    personalizaci\u00f3n, operativa y estad\u00edstica, y actividades propias del\n                    objeto social de Helenopolis Properties, as\u00ed como para la extracci\u00f3n\n                    almacenamiento de datos y estudios de marketing para adecuar los Contenidos ofrecidos a\n                    al Usuario, as\u00ed como para mejorar la calidad, funcionamiento y navegaci\u00f3n por\n                    el Sitio Web.\n                <\/p>\n                <p>\n                    En el momento en que se obtengan los datos personales, el Usuario ser\u00e1\n                    informado sobre la finalidad o finalidades espec\u00edficas del tratamiento a\n                    que ser\u00e1n destinados los datos personales; es decir, del uso o usos que\n                    se dar\u00e1 a la informaci\u00f3n recabada.\n                <\/p>\n                <h4>Periodos de conservaci\u00f3n de datos personales<\/h4>\n                <p>\n                    Los datos personales s\u00f3lo se conservar\u00e1n durante el tiempo m\u00ednimo necesario\n                    para los fines de su tratamiento y, en todo caso, s\u00f3lo durante el\n                    siguiente plazo: Hasta la finalizaci\u00f3n del trato con el cliente, o hasta que el\n                    Usuario solicite su supresi\u00f3n.\n                <\/p>\n                <p>\n                    Cuando se obtengan datos de car\u00e1cter personal, se informar\u00e1 al Usuario sobre el\n                    plazo durante el cual se conservar\u00e1n los datos personales o, cuando ello no sea\n                    posible, los criterios utilizados para determinar dicho plazo.\n                <\/p>\n                <p>\n                    En caso de que el responsable del tratamiento se proponga transferir datos personales\n                    a un tercer pa\u00eds u organizaci\u00f3n internacional, en el momento en que se obtengan los\n                    obtenci\u00f3n de los datos personales, se informar\u00e1 al Usuario sobre el tercer\n                    pa\u00eds tercero u organizaci\u00f3n internacional a los que se pretende\n                    transferir los datos, as\u00ed como de la existencia o no de una decisi\u00f3n de\n                    adecuaci\u00f3n de la Comisi\u00f3n.\n                <\/p>\n                <h4>Datos personales de menores<\/h4>\n                <p>\n                    Respetando lo dispuesto en los art\u00edculos 8 del RGPD y 13 del\n                    RDLOPD, s\u00f3lo los mayores de 14 a\u00f1os podr\u00e1n otorgar su consentimiento para el\n                    tratamiento de sus datos personales de forma l\u00edcita por parte de Helenopolis Properties. Si\n                    se trata de un menor de 14 a\u00f1os, el consentimiento de los padres o tutores\n                    ser\u00e1 necesario para el tratamiento, y \u00e9ste s\u00f3lo se considerar\u00e1\n                    l\u00edcito en la medida en que ellos lo hayan autorizado.\n                <\/p>\n                <h4>Secreto y seguridad de los datos personales<\/h4>\n                <p>\n                    Helenopolis Properties se compromete a adoptar las medidas t\u00e9cnicas y\n                    organizativas necesarias, seg\u00fan el nivel de seguridad adecuado\n                    al riesgo de los datos recogidos, con el fin de garantizar la seguridad de los\n                    datos de car\u00e1cter personal y evitar la destrucci\u00f3n, p\u00e9rdida o alteraci\u00f3n accidental o\n                    p\u00e9rdida o alteraci\u00f3n accidental o il\u00edcita de datos personales transmitidos\n                    o tratados de otra forma, o la comunicaci\u00f3n o acceso no autorizados a dichos datos.\n                <\/p>\n                <p>\n                    El sitio web dispone de un certificado SSL (Secure Socket Layer), que garantiza\n                    que los datos personales se transmiten de forma segura y confidencial,\n                    ya que los datos se transmiten entre el servidor y el Usuario, y en\n                    retroalimentaci\u00f3n, totalmente cifrados o encriptados.\n                <\/p>\n                <p>\n                    No obstante, debido a que Helenopolis Properties no puede garantizar la inexpugnabilidad de\n                    internet ni la ausencia total de hackers u otros que accedan fraudulentamente\n                    a los datos personales, el Responsable del Tratamiento se compromete a comunicar al\n                    Usuario sin dilaci\u00f3n indebida cuando se produzca una violaci\u00f3n de la seguridad de los\n                    datos personales que sea susceptible de entra\u00f1ar un alto riesgo para los derechos y\n                    libertades de las personas f\u00edsicas. Siguiendo lo dispuesto en el art\u00edculo 4 del\n                    el RGPD, se entiende como violaci\u00f3n de la seguridad de los datos personales\n                    cualquier violaci\u00f3n de la seguridad que provoque la destrucci\u00f3n, p\u00e9rdida o alteraci\u00f3n accidental\n                    o alteraci\u00f3n il\u00edcita de datos personales transmitidos, conservados o tratados\n                    de otra forma, o la comunicaci\u00f3n o acceso no autorizados a dichos datos.\n                <\/p>\n                <p>\n                    Los datos personales ser\u00e1n tratados de forma confidencial por el Responsable del\n                    encargado del tratamiento, quien se compromete a informar y garantizar\n                    mediante obligaci\u00f3n legal o contractual que dicha confidencialidad es\n                    respetada por sus empleados, asociados y cualquier persona a la que la\n                    informaci\u00f3n sea accesible.\n                <\/p>\n                <h4>Derechos derivados del tratamiento de datos personales<\/h4>\n                <p>\n                    El Usuario dispone sobre Helenopolis Properties y podr\u00e1, por tanto, ejercitar los\n                    siguientes derechos reconocidos en el RGPD frente al Responsable del Tratamiento:\n                <\/p>\n                <ul>\n                    <li>\n                        Derecho de acceso: Es el derecho del Usuario a obtener confirmaci\u00f3n de\n                        si Helenopolis Properties est\u00e1 tratando sus datos personales o no, y\n                        en caso afirmativo, a obtener informaci\u00f3n sobre sus datos personales y el\n                        tratamiento que Helenopolis Properties haya realizado o realice, as\u00ed como, entre\n                        as\u00ed como, entre otra, la informaci\u00f3n disponible sobre el origen de dichos\n                        destinatarios de las comunicaciones realizadas o previstas de los mismos.\n                    <\/li>\n                    <li>\n                        Derecho de rectificaci\u00f3n: Es el derecho del Usuario a modificar sus\n                        datos personales que resulten ser inexactos o, teniendo en cuenta\n                        las finalidades del tratamiento, sean incompletos.\n                    <\/li>\n                    <li>\n                        Derecho de retractaci\u00f3n (\"derecho al olvido\"): Es el derecho\n                        del Usuario, siempre que la legislaci\u00f3n vigente no\n                        establezca lo contrario, a obtener la supresi\u00f3n de sus datos personales\n                        cuando \u00e9stos ya no sean necesarios para los fines para los que fueron\n                        recabados o tratados; el Usuario haya revocado su consentimiento para el\n                        tratamiento y \u00e9ste no tenga otra base jur\u00eddica; el Usuario se\n                        se oponga al tratamiento y no exista otro motivo leg\u00edtimo para\n                        continuar con \u00e9l; los datos personales han sido tratados il\u00edcitamente;\n                        los datos personales deben suprimirse en cumplimiento de una obligaci\u00f3n legal\n                        obligaci\u00f3n legal; o los datos personales se han obtenido como consecuencia de una\n                        oferta directa de servicios por parte de la empresa la informaci\u00f3n a un ni\u00f1o\n                        menor de 14 a\u00f1os. Adem\u00e1s de suprimir los datos, el Responsable del Tratamiento\n                        datos, el responsable del tratamiento, teniendo en cuenta la tecnolog\u00eda disponible y el\n                        coste de su aplicaci\u00f3n, deber\u00e1 adoptar medidas razonables para informar a\n                        a los responsables que est\u00e9n tratando los datos personales de la solicitud\n                        del interesado de suprimir cualquier v\u00ednculo con esos datos personales.\n                    <\/li>\n                    <li>\n                        Derecho a la limitaci\u00f3n del tratamiento: Es el derecho del Usuario a\n                        limitar el tratamiento de sus datos personales. El Usuario tiene derecho\n                        a obtener la limitaci\u00f3n del tratamiento cuando impugne la\n                        exactitud de sus datos personales; el tratamiento sea il\u00edcito; el Responsable\n                        encargada del tratamiento ya no necesite los datos personales, pero\n                        el Usuario los necesita para hacer reclamaciones; y cuando el Usuario se haya opuesto al\n                        tratamiento.\n                    <\/li>\n                    <li>\n                        Derecho a la portabilidad de los datos: Si el tratamiento se lleva a cabo por\n                        medios automatizados, el Usuario tendr\u00e1 derecho a recibir del\n                        Responsable del Tratamiento sus datos personales en un formato estructurado, com\u00fanmente\n                        utilizado y de lectura mec\u00e1nica, y a transmitirlos a otra persona\n                        responsable del tratamiento. Siempre que sea t\u00e9cnicamente posible, el Responsable del\n                        transmitir\u00e1 los datos directamente a ese otro responsable.\n                        responsable.\n                    <\/li>\n                    <li>\n                        Derecho de oposici\u00f3n: Es el derecho del Usuario a que no se lleve a cabo el\n                        tratamiento de sus datos personales o a que cese en el tratamiento de los mismos\n                        por parte de Helenopolis Properties.\n                    <\/li>\n                    <li>\n                        Derecho a no ser objeto de una decisi\u00f3n basada \u00fanicamente en un tratamiento\n                        automatizado, incluida la elaboraci\u00f3n de perfiles: Es el derecho del Usuario a no\n                        ser objeto de una decisi\u00f3n individualizada basada \u00fanicamente en el\n                        tratamiento automatizado de sus datos personales, incluida la\n                        elaboraci\u00f3n de perfiles, existentes salvo que la legislaci\u00f3n vigente\n                        establezca lo contrario.\n                    <\/li>\n                <\/ul>\n                <p>\n                    As\u00ed, el Usuario podr\u00e1 ejercitar sus derechos mediante comunicaci\u00f3n escrita\n                    dirigida al Responsable del tratamiento con la referencia\n                    \"RGPD - <a href=\"https:\/\/helenopolis.es\/es\/\" target=\"_blank\">helenopolis.es<\/a>\",\n                    especificando:\n                <\/p>\n                <ul>\n                    <li>\n                        Nombre, apellidos del Usuario y copia del DNI. En los casos en que\n                        se admita la representaci\u00f3n, tambi\u00e9n ser\u00e1 necesaria la\n                        identificaci\u00f3n por el mismo medio de la persona que represente al\n                        Usuario, as\u00ed como el documento acreditativo de la representaci\u00f3n. La\n                        fotocopia del DNI podr\u00e1 ser sustituida, por cualquier otro medio v\u00e1lido en\n                        derecho que acredite la identidad.\n                    <\/li>\n                    <li>\n                        Petici\u00f3n con los motivos concretos de la solicitud o la informaci\u00f3n\n                        a la que desea acceder.\n                    <\/li>\n                    <li>Direcci\u00f3n para notificaciones.<\/li>\n                    <li>Fecha y firma del solicitante.<\/li>\n                    <li>Cualquier documento que acredite la solicitud realizada.<\/li>\n                <\/ul>\n                <p>\n                    Esta solicitud y cualquier otro documento adjunto puede enviarse a la\n                    siguiente direcci\u00f3n y\/o correo electr\u00f3nico:\n                <\/p>\n                <p>\n                    Direcci\u00f3n postal: C. Marqu\u00e9s de Larios, 5, 4, Puerta Izq., 29015 M\u00e1laga, Espa\u00f1a<br \/>Correo electr\u00f3nico:\n                    <a href=\"mailto:fran@helenopolis-properties.es\">fran@helenopolis-properties.es<\/a>\n                <\/p>\n                <h4>Enlaces a sitios web de terceros<\/h4>\n                <p>\n                    El Sitio Web puede incluir hiperv\u00ednculos o enlaces que permiten acceder a p\u00e1ginas web\n                    p\u00e1ginas web de terceros distintos de Helenopolis Properties, y que por tanto no son\n                    no son operadas por Helenopolis Properties. Los titulares de estas p\u00e1ginas web tendr\u00e1n\n                    sus propias pol\u00edticas de protecci\u00f3n de datos, siendo ellos mismos, en cada caso\n                    responsables de sus propios ficheros y de sus propias pr\u00e1cticas de privacidad.\n                <\/p>\n                <h4>Reclamaciones ante la autoridad de control<\/h4>\n                <p>\n                    En el caso de que el Usuario considere que existe un problema o\n                    infracci\u00f3n de la normativa vigente en la forma en que se est\u00e1n tratando\n                    tratamiento de sus datos personales, tendr\u00e1 derecho a la tutela judicial efectiva\n                    tutela judicial efectiva y a presentar una reclamaci\u00f3n ante una autoridad de control, en particular\n                    en el Estado en el que tenga su residencia habitual, lugar de trabajo o\n                    lugar de la presunta infracci\u00f3n. En el caso de Espa\u00f1a, la autoridad de control\n                    es la Agencia Espa\u00f1ola de Protecci\u00f3n de Datos\n                    (http:\/\/www.agpd.es).\n                <\/p>\n                <h2>II. Aceptaci\u00f3n y cambios en esta pol\u00edtica de privacidad<\/h2>\n                <p>\n                    Es necesario que el Usuario haya le\u00eddo y est\u00e9 conforme con las\n                    condiciones sobre protecci\u00f3n de datos de car\u00e1cter personal contenidas en la presente Pol\u00edtica de Privacidad\n                    Pol\u00edtica de Privacidad y Cookies, as\u00ed como que acepta el tratamiento de sus\n                    datos personales, para que el Responsable del tratamiento pueda proceder al\n                    los mismos en la forma, durante los plazos y para las finalidades\n                    indicadas. El uso del Sitio Web implicar\u00e1 la aceptaci\u00f3n de la\n                    Pol\u00edtica de Privacidad y de Cookies del mismo.\n                <\/p>\n                <p>\n                    Helenopolis Properties se reserva el derecho a modificar su Pol\u00edtica de Privacidad y de Cookies\n                    Pol\u00edtica, de acuerdo a su propio criterio, o motivado por un cambio legislativo\n                    o doctrinal de la Agencia Espa\u00f1ola de Protecci\u00f3n de Datos.\n                    Protecci\u00f3n de Datos. Los cambios o actualizaciones de la presente Pol\u00edtica de Privacidad y Cookies\n                    ser\u00e1n notificados expresamente al Usuario.\n                <\/p>\n                <p>\n                    Esta Pol\u00edtica de Privacidad y Cookies fue actualizada el 13 de junio de 2018 para adaptarse a\n                    Reglamento (UE) 2016\/679 del Parlamento Europeo y del Consejo,\n                    de 27 de abril de 2016, relativo a la protecci\u00f3n de las personas f\u00edsicas en\n                    relaci\u00f3n con el tratamiento de los datos personales y la libre circulaci\u00f3n de\n                    estos datos (RGPD).\n                <\/p>\n            <\/div>\n        <\/section>","protected":false},"excerpt":{"rendered":"","protected":false},"author":3,"featured_media":0,"parent":0,"menu_order":0,"comment_status":"closed","ping_status":"closed","template":"","meta":{"footnotes":""},"class_list":["post-57","page","type-page","status-publish","hentry"],"_links":{"self":[{"href":"https:\/\/helenopolis.es\/es\/wp-json\/wp\/v2\/pages\/57","targetHints":{"allow":["GET"]}}],"collection":[{"href":"https:\/\/helenopolis.es\/es\/wp-json\/wp\/v2\/pages"}],"about":[{"href":"https:\/\/helenopolis.es\/es\/wp-json\/wp\/v2\/types\/page"}],"author":[{"embeddable":true,"href":"https:\/\/helenopolis.es\/es\/wp-json\/wp\/v2\/users\/3"}],"replies":[{"embeddable":true,"href":"https:\/\/helenopolis.es\/es\/wp-json\/wp\/v2\/comments?post=57"}],"version-history":[{"count":0,"href":"https:\/\/helenopolis.es\/es\/wp-json\/wp\/v2\/pages\/57\/revisions"}],"wp:attachment":[{"href":"https:\/\/helenopolis.es\/es\/wp-json\/wp\/v2\/media?parent=57"}],"curies":[{"name":"wp","href":"https:\/\/api.w.org\/{rel}","templated":true}]}}