              
{"id":55,"date":"2023-08-30T08:14:49","date_gmt":"2023-08-30T08:14:49","guid":{"rendered":"https:\/\/helenopolis.es\/?page_id=55"},"modified":"2025-03-18T18:14:20","modified_gmt":"2025-03-18T16:14:20","slug":"contact","status":"publish","type":"page","link":"https:\/\/helenopolis.es\/es\/contacto\/","title":{"rendered":"Contacto"},"content":{"rendered":"<section class=\"koble-map\">\n        <div class=\"container-fluid p-0\">\n            <div class=\"row m-0\">\n    \n            <div \n                id=\"koble-map\"\n                data-lat=\"36.539387326282\"\n                data-lng=\"-4.6269555312183\"\n                data-pin=\"https:\/\/www.helenopolis.es\/wp-content\/uploads\/pin.png\"\n                data-gmlink=\"https:\/\/maps.app.goo.gl\/G1sjeRQ9WhjATMVU9\"\n                data-style=\"[{&quot;featureType&quot;:&quot;water&quot;,&quot;elementType&quot;:&quot;geometry&quot;,&quot;stylers&quot;:[{&quot;color&quot;:&quot;#e9e9e9&quot;},{&quot;lightness&quot;:17}]},{&quot;featureType&quot;:&quot;landscape&quot;,&quot;elementType&quot;:&quot;geometry&quot;,&quot;stylers&quot;:[{&quot;color&quot;:&quot;#f5f5f5&quot;},{&quot;lightness&quot;:20}]},{&quot;featureType&quot;:&quot;road.highway&quot;,&quot;elementType&quot;:&quot;geometry.fill&quot;,&quot;stylers&quot;:[{&quot;color&quot;:&quot;#ffffff&quot;},{&quot;lightness&quot;:17}]},{&quot;featureType&quot;:&quot;road.highway&quot;,&quot;elementType&quot;:&quot;geometry.stroke&quot;,&quot;stylers&quot;:[{&quot;color&quot;:&quot;#ffffff&quot;},{&quot;lightness&quot;:29},{&quot;weight&quot;:0.2}]},{&quot;featureType&quot;:&quot;road.arterial&quot;,&quot;elementType&quot;:&quot;geometry&quot;,&quot;stylers&quot;:[{&quot;color&quot;:&quot;#ffffff&quot;},{&quot;lightness&quot;:18}]},{&quot;featureType&quot;:&quot;road.local&quot;,&quot;elementType&quot;:&quot;geometry&quot;,&quot;stylers&quot;:[{&quot;color&quot;:&quot;#ffffff&quot;},{&quot;lightness&quot;:16}]},{&quot;featureType&quot;:&quot;poi&quot;,&quot;elementType&quot;:&quot;geometry&quot;,&quot;stylers&quot;:[{&quot;color&quot;:&quot;#f5f5f5&quot;},{&quot;lightness&quot;:21}]},{&quot;featureType&quot;:&quot;poi.park&quot;,&quot;elementType&quot;:&quot;geometry&quot;,&quot;stylers&quot;:[{&quot;color&quot;:&quot;#dedede&quot;},{&quot;lightness&quot;:21}]},{&quot;elementType&quot;:&quot;labels.text.stroke&quot;,&quot;stylers&quot;:[{&quot;visibility&quot;:&quot;on&quot;},{&quot;color&quot;:&quot;#ffffff&quot;},{&quot;lightness&quot;:16}]},{&quot;elementType&quot;:&quot;labels.text.fill&quot;,&quot;stylers&quot;:[{&quot;saturation&quot;:36},{&quot;color&quot;:&quot;#333333&quot;},{&quot;lightness&quot;:40}]},{&quot;elementType&quot;:&quot;labels.icon&quot;,&quot;stylers&quot;:[{&quot;visibility&quot;:&quot;off&quot;}]},{&quot;featureType&quot;:&quot;transit&quot;,&quot;elementType&quot;:&quot;geometry&quot;,&quot;stylers&quot;:[{&quot;color&quot;:&quot;#f2f2f2&quot;},{&quot;lightness&quot;:19}]},{&quot;featureType&quot;:&quot;administrative&quot;,&quot;elementType&quot;:&quot;geometry.fill&quot;,&quot;stylers&quot;:[{&quot;color&quot;:&quot;#fefefe&quot;},{&quot;lightness&quot;:20}]},{&quot;featureType&quot;:&quot;administrative&quot;,&quot;elementType&quot;:&quot;geometry.stroke&quot;,&quot;stylers&quot;:[{&quot;color&quot;:&quot;#fefefe&quot;},{&quot;lightness&quot;:17},{&quot;weight&quot;:1.2}]}]\"\n                style=\"height:90vh;\"\n            >\n            <\/div>\n\n        <\/div>\n    <\/section>\n    \n\n\n\n\n    <section class=\"fashion-contact-section\">\n        <div class=\"container p-50\">\n            <div class=\"row g-50\">\n                <div class=\"col-12\">\n                    <h4 class=\"fashion-contact-section__title text-center\">Get in Touch<\/h4>\n                <\/div>\n                <div class=\"col-12 col-lg-6 align-self-center\">\n                    <div class=\"row gy-40\">\n                                            <div class=\"fashion-contact col d-flex align-items-center col-12 gap-32\">\n                            <div class=\"col-auto\">\n                                                                <img decoding=\"async\" src=\"https:\/\/www.helenopolis.es\/wp-content\/uploads\/pin.svg\" alt=\"\" class=\"fashion-contact__icon\">\n                            <\/div>\n\n                            <div class=\"col\">\n                                                                    <p class=\"font-size--20 mb-0\">\n                                        <a href=\"https:\/\/maps.app.goo.gl\/HWzJgymiXBFeardL9\" target=\"_blank\">\n                                            Avenida Juan Luis Peralta 42, local 14<br>29639 Benalm\u00e1dena Pueblo, M\u00e1laga, Spain.                                        <\/a>\n                                    <\/p>\n                                                            <\/div>\n                        <\/div>\n                                            <div class=\"fashion-contact col d-flex align-items-center col-12 gap-32\">\n                            <div class=\"col-auto\">\n                                                                <img decoding=\"async\" src=\"https:\/\/www.helenopolis.es\/wp-content\/uploads\/phone.svg\" alt=\"\" class=\"fashion-contact__icon\">\n                            <\/div>\n\n                            <div class=\"col\">\n                                                                    <p class=\"font-size--20 mb-0\">\n                                        <a href=\"tel: 34675920347\" target=\"_blank\">\n                                            Fiorella: Tel. +34 675 92 03 47                                        <\/a>\n                                    <\/p>\n                                                                    <p class=\"font-size--20 mb-0\">\n                                        <a href=\"tel: 34685747248\" target=\"_blank\">\n                                            Fran: Tel. +34 685 74 72 48                                        <\/a>\n                                    <\/p>\n                                                            <\/div>\n                        <\/div>\n                                            <div class=\"fashion-contact col d-flex align-items-center col-12 gap-32\">\n                            <div class=\"col-auto\">\n                                                                <img decoding=\"async\" src=\"https:\/\/www.helenopolis.es\/wp-content\/uploads\/envelope.svg\" alt=\"\" class=\"fashion-contact__icon\">\n                            <\/div>\n\n                            <div class=\"col\">\n                                                                    <p class=\"font-size--20 mb-0\">\n                                        <a href=\"mailto:fio@helenopolis.es\" target=\"_blank\">\n                                            fio@helenopolis.es                                        <\/a>\n                                    <\/p>\n                                                                    <p class=\"font-size--20 mb-0\">\n                                        <a href=\"mailto:fran@helenopolis.es\" target=\"_blank\">\n                                            fran@helenopolis.es                                        <\/a>\n                                    <\/p>\n                                                            <\/div>\n                        <\/div>\n                                        <\/div>\n                    <hr class=\"my-50\" \/>\n    \n        <ul class=\"fashion-socials\">\n            \n            <li class=\"fashion-socials__item\">\n                <a href=\"https:\/\/facebook.com\/\" target=\"_blank\" rel=\"nofollow\">\n                    <i class=\"icon icon-logo-fb-simple\"><\/i>\n                <\/a>\n            <\/li>\n\n            \n            <li class=\"fashion-socials__item\">\n                <a href=\"https:\/\/instagram.com\/\" target=\"_blank\" rel=\"nofollow\">\n                    <i class=\"icon icon-logo-instagram\"><\/i>\n                <\/a>\n            <\/li>\n\n            \n            <li class=\"fashion-socials__item\">\n                <a href=\"https:\/\/linkedin.com\/\" target=\"_blank\" rel=\"nofollow\">\n                    <i class=\"icon icon-logo-linkedin\"><\/i>\n                <\/a>\n            <\/li>\n\n                    <\/ul>\n\n    \n                <\/div>\n                <div class=\"col-12 col-lg-6 align-self-center\">\n                    <form action=\"https:\/\/helenopolis.es\/es\/wp-json\/ws-form\/v1\/submit\" class=\"wsf-form wsf-form-canvas\" id=\"ws-form-1\" data-id=\"1\" data-instance-id=\"1\" method=\"POST\" data-trp-original-action=\"https:\/\/helenopolis.es\/es\/wp-json\/ws-form\/v1\/submit\"><input type=\"hidden\" name=\"trp-form-language\" value=\"es\"\/><\/form>                <\/div>\n                \n            <\/div>\n        <\/div>\n    <\/section>\n    \n\n\n\r\n\r\n<section class=\"\">\r\n    <div class=\"container\">\r\n        <h4 class=\"text-center mb-70 mt-180\">PREGUNTAS FRECUENTES<\/h4>\r\n    \r\n        <div class=\"row accordion fashion-faqs mb-120\" id=\"faqAccordion\">\r\n                \r\n                            <div class=\"col-md\">\r\n                                            <div class=\"fashion-faqs__item accordion-item\">\r\n    \r\n                            <div class=\"accordion-header fashion-faqs__header\" id=\"heading-0\">\r\n                                <button class=\"fashion-faqs__button btn text-start w-100 collapsed\" type=\"button\" data-bs-toggle=\"collapse\" data-bs-target=\"#collapse-0\" aria-expanded=\"false\" aria-controls=\"collapse-0\">\r\n                                                                            <h6 class=\"fashion-faqs__title m-24 me-40\">\u00bfD\u00f3nde puedo encontrar terrenos disponibles para la construcci\u00f3n de chalets en la Costa del Sol?<\/h6>\r\n                                                                    <\/button>\r\n                            <\/div>\r\n    \r\n                            <div class=\"accordion-collapse collapse\" id=\"collapse-0\" aria-labelledby=\"heading-0\" data-bs-parent=\"#faqAccordion\">\r\n                                <div class=\"accordion-body fashion-faqs__body\">\r\n                                    <p class=\"fashion-faqs__text m-40\">Puede encontrar terrenos en venta en la Costa del Sol a trav\u00e9s de agentes inmobiliarios locales, sitios web inmobiliarios o incluso poni\u00e9ndose en contacto directamente con los propietarios. Las zonas alrededor de Marbella y Estepona son populares para este tipo de proyectos.<\/p>\r\n                                <\/div>\r\n                            <\/div>\r\n    \r\n                        <\/div>\r\n                                            <div class=\"fashion-faqs__item accordion-item\">\r\n    \r\n                            <div class=\"accordion-header fashion-faqs__header\" id=\"heading-2\">\r\n                                <button class=\"fashion-faqs__button btn text-start w-100 collapsed\" type=\"button\" data-bs-toggle=\"collapse\" data-bs-target=\"#collapse-2\" aria-expanded=\"false\" aria-controls=\"collapse-2\">\r\n                                                                            <h6 class=\"fashion-faqs__title m-24 me-40\">\u00bfCu\u00e1l es el coste estimado de construir una villa en la Costa del Sol?<\/h6>\r\n                                                                    <\/button>\r\n                            <\/div>\r\n    \r\n                            <div class=\"accordion-collapse collapse\" id=\"collapse-2\" aria-labelledby=\"heading-2\" data-bs-parent=\"#faqAccordion\">\r\n                                <div class=\"accordion-body fashion-faqs__body\">\r\n                                    <p class=\"fashion-faqs__text m-40\">El coste de construcci\u00f3n de un chalet puede variar considerablemente en funci\u00f3n del tama\u00f1o, la ubicaci\u00f3n y los acabados. Como referencia, el coste por metro cuadrado suele oscilar entre 1.500 y 2.500 euros, pero podr\u00eda ser superior si se opta por acabados de lujo.<\/p>\r\n                                <\/div>\r\n                            <\/div>\r\n    \r\n                        <\/div>\r\n                                            <div class=\"fashion-faqs__item accordion-item\">\r\n    \r\n                            <div class=\"accordion-header fashion-faqs__header\" id=\"heading-4\">\r\n                                <button class=\"fashion-faqs__button btn text-start w-100 collapsed\" type=\"button\" data-bs-toggle=\"collapse\" data-bs-target=\"#collapse-4\" aria-expanded=\"false\" aria-controls=\"collapse-4\">\r\n                                                                            <h6 class=\"fashion-faqs__title m-24 me-40\">\u00bfCu\u00e1nto se tarda en construir un chalet en la Costa del Sol?<\/h6>\r\n                                                                    <\/button>\r\n                            <\/div>\r\n    \r\n                            <div class=\"accordion-collapse collapse\" id=\"collapse-4\" aria-labelledby=\"heading-4\" data-bs-parent=\"#faqAccordion\">\r\n                                <div class=\"accordion-body fashion-faqs__body\">\r\n                                    <p class=\"fashion-faqs__text m-40\">El tiempo de construcci\u00f3n depende del tama\u00f1o y la complejidad del proyecto, as\u00ed como de las condiciones meteorol\u00f3gicas y los permisos necesarios. Por t\u00e9rmino medio, la construcci\u00f3n de una villa puede durar entre 12 y 18 meses.<\/p>\r\n                                <\/div>\r\n                            <\/div>\r\n    \r\n                        <\/div>\r\n                      \r\n                <\/div>\r\n                            <div class=\"col-md\">\r\n                                            <div class=\"fashion-faqs__item accordion-item\">\r\n    \r\n                            <div class=\"accordion-header fashion-faqs__header\" id=\"heading-1\">\r\n                                <button class=\"fashion-faqs__button btn text-start w-100 collapsed\" type=\"button\" data-bs-toggle=\"collapse\" data-bs-target=\"#collapse-1\" aria-expanded=\"false\" aria-controls=\"collapse-1\">\r\n                                                                            <h6 class=\"fashion-faqs__title m-24 me-40\">\u00bfCu\u00e1les son las normas y permisos necesarios para construir una villa en la Costa del Sol?<\/h6>\r\n                                                                    <\/button>\r\n                            <\/div>\r\n    \r\n                            <div class=\"accordion-collapse collapse\" id=\"collapse-1\" aria-labelledby=\"heading-1\" data-bs-parent=\"#faqAccordion\">\r\n                                <div class=\"accordion-body fashion-faqs__body\">\r\n                                    <p class=\"fashion-faqs__text m-40\">La construcci\u00f3n de viviendas en la Costa del Sol est\u00e1 sujeta a normativas locales y nacionales. Tendr\u00e1s que obtener una licencia de obra de las autoridades locales, que pueden exigir planos de arquitecto y cumplir ciertas normas de construcci\u00f3n.<\/p>\r\n                                <\/div>\r\n                            <\/div>\r\n    \r\n                        <\/div>\r\n                                            <div class=\"fashion-faqs__item accordion-item\">\r\n    \r\n                            <div class=\"accordion-header fashion-faqs__header\" id=\"heading-3\">\r\n                                <button class=\"fashion-faqs__button btn text-start w-100 collapsed\" type=\"button\" data-bs-toggle=\"collapse\" data-bs-target=\"#collapse-3\" aria-expanded=\"false\" aria-controls=\"collapse-3\">\r\n                                                                            <h6 class=\"fashion-faqs__title m-24 me-40\">\u00bfQu\u00e9 servicios de construcci\u00f3n y arquitectura hay en la Costa del Sol?<\/h6>\r\n                                                                    <\/button>\r\n                            <\/div>\r\n    \r\n                            <div class=\"accordion-collapse collapse\" id=\"collapse-3\" aria-labelledby=\"heading-3\" data-bs-parent=\"#faqAccordion\">\r\n                                <div class=\"accordion-body fashion-faqs__body\">\r\n                                    <p class=\"fashion-faqs__text m-40\">En la Costa del Sol encontrar\u00e1 una amplia gama de arquitectos, contratistas y empresas de construcci\u00f3n. Es importante investigar y elegir profesionales con experiencia en proyectos similares y que conozcan la normativa local.<\/p>\r\n                                <\/div>\r\n                            <\/div>\r\n    \r\n                        <\/div>\r\n                                            <div class=\"fashion-faqs__item accordion-item\">\r\n    \r\n                            <div class=\"accordion-header fashion-faqs__header\" id=\"heading-5\">\r\n                                <button class=\"fashion-faqs__button btn text-start w-100 collapsed\" type=\"button\" data-bs-toggle=\"collapse\" data-bs-target=\"#collapse-5\" aria-expanded=\"false\" aria-controls=\"collapse-5\">\r\n                                                                            <h6 class=\"fashion-faqs__title m-24 me-40\">\u00bfExisten restricciones de dise\u00f1o o estilo arquitect\u00f3nico en la Costa del Sol?<\/h6>\r\n                                                                    <\/button>\r\n                            <\/div>\r\n    \r\n                            <div class=\"accordion-collapse collapse\" id=\"collapse-5\" aria-labelledby=\"heading-5\" data-bs-parent=\"#faqAccordion\">\r\n                                <div class=\"accordion-body fashion-faqs__body\">\r\n                                    <p class=\"fashion-faqs__text m-40\">Las normas de dise\u00f1o pueden variar seg\u00fan la ubicaci\u00f3n exacta en la Costa del Sol. Algunas zonas tienen restricciones para mantener la coherencia arquitect\u00f3nica, mientras que otras pueden permitir una mayor variedad de estilos. Es importante consultar con un arquitecto local para entender las restricciones espec\u00edficas de su parcela.<\/p>\r\n                                <\/div>\r\n                            <\/div>\r\n    \r\n                        <\/div>\r\n                      \r\n                <\/div>\r\n                \r\n        <\/div>\r\n    <\/div>\r\n<\/section>","protected":false},"excerpt":{"rendered":"","protected":false},"author":3,"featured_media":0,"parent":0,"menu_order":0,"comment_status":"closed","ping_status":"closed","template":"","meta":{"footnotes":""},"class_list":["post-55","page","type-page","status-publish","hentry"],"_links":{"self":[{"href":"https:\/\/helenopolis.es\/es\/wp-json\/wp\/v2\/pages\/55","targetHints":{"allow":["GET"]}}],"collection":[{"href":"https:\/\/helenopolis.es\/es\/wp-json\/wp\/v2\/pages"}],"about":[{"href":"https:\/\/helenopolis.es\/es\/wp-json\/wp\/v2\/types\/page"}],"author":[{"embeddable":true,"href":"https:\/\/helenopolis.es\/es\/wp-json\/wp\/v2\/users\/3"}],"replies":[{"embeddable":true,"href":"https:\/\/helenopolis.es\/es\/wp-json\/wp\/v2\/comments?post=55"}],"version-history":[{"count":7,"href":"https:\/\/helenopolis.es\/es\/wp-json\/wp\/v2\/pages\/55\/revisions"}],"predecessor-version":[{"id":23027,"href":"https:\/\/helenopolis.es\/es\/wp-json\/wp\/v2\/pages\/55\/revisions\/23027"}],"wp:attachment":[{"href":"https:\/\/helenopolis.es\/es\/wp-json\/wp\/v2\/media?parent=55"}],"curies":[{"name":"wp","href":"https:\/\/api.w.org\/{rel}","templated":true}]}}