              
{"id":51,"date":"2023-08-30T08:13:49","date_gmt":"2023-08-30T08:13:49","guid":{"rendered":"https:\/\/helenopolis.es\/?page_id=51"},"modified":"2025-03-18T19:55:46","modified_gmt":"2025-03-18T17:55:46","slug":"services","status":"publish","type":"page","link":"https:\/\/helenopolis.es\/es\/servicios\/","title":{"rendered":"Servicios"},"content":{"rendered":"<section \n    class=\"fashion-title bg-dark py-50\"\n    style=\"                    background-image:url(https:\/\/www.helenopolis.es\/wp-content\/uploads\/Diseno-sin-titulo-2.png);            \">\n        \n        <div class=\"container-fluid\">\n            <h1 class=\"h2 fashion-title__title text-center text-white\">\n                                    Servicios                            <\/h1>\n        <\/div>\n\n    <\/section>\n\n\n\n\r\n\r\n<div class=\"container\">\r\n    <div class=\"row accordion fashion-accordion my-60\" id=\"fashionAccordion\">\r\n        <div class=\"col\">\r\n                            <div class=\"fashion-accordion__item py-40 gx-md-50 accordion-item row\" id=\"sales\" >\r\n\r\n                                        <div class=\"col-auto\">\r\n                        <!-- ICON -->\r\n                                                <img decoding=\"async\" class=\"fashion-accordion__icon\" src=\"https:\/\/www.helenopolis.es\/wp-content\/uploads\/sales.svg\" alt=\"\">\r\n                    <\/div>\r\n                                        <div class=\"col\">\r\n                        <div class=\"accordion-header fashion-accordion__header\" id=\"heading-0\">\r\n                            <button class=\"fashion-accordion__button btn border-0 p-0 text-start w-100 disabled\" type=\"button\" data-bs-toggle=\"collapse\" data-bs-target=\"#collapse-0\" aria-expanded=\"false\" aria-controls=\"collapse-0\">\r\n                                                                    <h3 class=\"fashion-accordion__title\">Venta de inmuebles<\/h3>\r\n                                                            <\/button>\r\n                        <\/div>\r\n    \r\n                        <div class=\"accordion-collapse\" id=\"collapse-0\" aria-labelledby=\"heading-0\"  >\r\n                            <div class=\"accordion-body fashion-accordion__body p-0\">\r\n                                <p class=\"fashion-accordion__text my-24\">Estamos especializados en la venta de parcelas, casas, construcciones y apartamentos. Nuestra amplia cartera ofrece una gran variedad de opciones que se adaptan a todas las preferencias y presupuestos.<\/p>\r\n                            <\/div>\r\n                        <\/div>\r\n                    <\/div>\r\n\r\n                <\/div>\r\n                            <div class=\"fashion-accordion__item py-40 gx-md-50 accordion-item row\" id=\"rentals\" >\r\n\r\n                                        <div class=\"col-auto\">\r\n                        <!-- ICON -->\r\n                                                <img decoding=\"async\" class=\"fashion-accordion__icon\" src=\"https:\/\/www.helenopolis.es\/wp-content\/uploads\/rent.svg\" alt=\"\">\r\n                    <\/div>\r\n                                        <div class=\"col\">\r\n                        <div class=\"accordion-header fashion-accordion__header\" id=\"heading-1\">\r\n                            <button class=\"fashion-accordion__button btn border-0 p-0 text-start w-100 disabled\" type=\"button\" data-bs-toggle=\"collapse\" data-bs-target=\"#collapse-1\" aria-expanded=\"false\" aria-controls=\"collapse-1\">\r\n                                                                    <h3 class=\"fashion-accordion__title\">Alquiler de inmuebles<\/h3>\r\n                                                            <\/button>\r\n                        <\/div>\r\n    \r\n                        <div class=\"accordion-collapse\" id=\"collapse-1\" aria-labelledby=\"heading-1\"  >\r\n                            <div class=\"accordion-body fashion-accordion__body p-0\">\r\n                                <p class=\"fashion-accordion__text my-24\">Tambi\u00e9n ofrecemos servicios de alquiler de propiedades, incluyendo alquileres a largo plazo y vacacionales. Encuentre su hogar perfecto lejos de casa en la Costa del Sol.<\/p>\r\n                            <\/div>\r\n                        <\/div>\r\n                    <\/div>\r\n\r\n                <\/div>\r\n                            <div class=\"fashion-accordion__item py-40 gx-md-50 accordion-item row\" id=\"management\" >\r\n\r\n                                        <div class=\"col-auto\">\r\n                        <!-- ICON -->\r\n                                                <img decoding=\"async\" class=\"fashion-accordion__icon\" src=\"https:\/\/www.helenopolis.es\/wp-content\/uploads\/management.svg\" alt=\"\">\r\n                    <\/div>\r\n                                        <div class=\"col\">\r\n                        <div class=\"accordion-header fashion-accordion__header\" id=\"heading-2\">\r\n                            <button class=\"fashion-accordion__button btn border-0 p-0 text-start w-100 disabled\" type=\"button\" data-bs-toggle=\"collapse\" data-bs-target=\"#collapse-2\" aria-expanded=\"false\" aria-controls=\"collapse-2\">\r\n                                                                    <h3 class=\"fashion-accordion__title\">Gesti\u00f3n de la propiedad<\/h3>\r\n                                                            <\/button>\r\n                        <\/div>\r\n    \r\n                        <div class=\"accordion-collapse\" id=\"collapse-2\" aria-labelledby=\"heading-2\"  >\r\n                            <div class=\"accordion-body fashion-accordion__body p-0\">\r\n                                <p class=\"fashion-accordion__text my-24\">Ofrecemos servicios integrales de gesti\u00f3n inmobiliaria, ocup\u00e1ndonos de todos los aspectos de su propiedad, desde el mantenimiento y las reparaciones hasta la gesti\u00f3n de los inquilinos.<\/p>\r\n                            <\/div>\r\n                        <\/div>\r\n                    <\/div>\r\n\r\n                <\/div>\r\n                            <div class=\"fashion-accordion__item py-40 gx-md-50 accordion-item row\" id=\"design\" >\r\n\r\n                                        <div class=\"col-auto\">\r\n                        <!-- ICON -->\r\n                                                <img decoding=\"async\" class=\"fashion-accordion__icon\" src=\"https:\/\/www.helenopolis.es\/wp-content\/uploads\/design.svg\" alt=\"\">\r\n                    <\/div>\r\n                                        <div class=\"col\">\r\n                        <div class=\"accordion-header fashion-accordion__header\" id=\"heading-3\">\r\n                            <button class=\"fashion-accordion__button btn border-0 p-0 text-start w-100 disabled\" type=\"button\" data-bs-toggle=\"collapse\" data-bs-target=\"#collapse-3\" aria-expanded=\"false\" aria-controls=\"collapse-3\">\r\n                                                                    <h3 class=\"fashion-accordion__title\">Dise\u00f1o y construcci\u00f3n<\/h3>\r\n                                                            <\/button>\r\n                        <\/div>\r\n    \r\n                        <div class=\"accordion-collapse\" id=\"collapse-3\" aria-labelledby=\"heading-3\"  >\r\n                            <div class=\"accordion-body fashion-accordion__body p-0\">\r\n                                <p class=\"fashion-accordion__text my-24\">Nuestro equipo de arquitectos e ingenieros de edificaci\u00f3n puede ayudarle a dise\u00f1ar y construir la casa de sus sue\u00f1os o cualquier otro proyecto de construcci\u00f3n. Garantizamos la calidad y la atenci\u00f3n al detalle durante todo el proceso.<\/p>\r\n                            <\/div>\r\n                        <\/div>\r\n                    <\/div>\r\n\r\n                <\/div>\r\n                            <div class=\"fashion-accordion__item py-40 gx-md-50 accordion-item row\" id=\"remodeling\" >\r\n\r\n                                        <div class=\"col-auto\">\r\n                        <!-- ICON -->\r\n                                                <img decoding=\"async\" class=\"fashion-accordion__icon\" src=\"https:\/\/www.helenopolis.es\/wp-content\/uploads\/remodeling.svg\" alt=\"\">\r\n                    <\/div>\r\n                                        <div class=\"col\">\r\n                        <div class=\"accordion-header fashion-accordion__header\" id=\"heading-4\">\r\n                            <button class=\"fashion-accordion__button btn border-0 p-0 text-start w-100 disabled\" type=\"button\" data-bs-toggle=\"collapse\" data-bs-target=\"#collapse-4\" aria-expanded=\"false\" aria-controls=\"collapse-4\">\r\n                                                                    <h3 class=\"fashion-accordion__title\">Remodelaci\u00f3n y reformas<\/h3>\r\n                                                            <\/button>\r\n                        <\/div>\r\n    \r\n                        <div class=\"accordion-collapse\" id=\"collapse-4\" aria-labelledby=\"heading-4\"  >\r\n                            <div class=\"accordion-body fashion-accordion__body p-0\">\r\n                                <p class=\"fashion-accordion__text my-24\">Ofrecemos servicios de remodelaci\u00f3n y renovaci\u00f3n para transformar y mejorar su propiedad. Desde mejoras en la cocina hasta renovaciones completas, convertimos su visi\u00f3n en realidad.<\/p>\r\n                            <\/div>\r\n                        <\/div>\r\n                    <\/div>\r\n\r\n                <\/div>\r\n                            <div class=\"fashion-accordion__item py-40 gx-md-50 accordion-item row\" id=\"investment\" >\r\n\r\n                                        <div class=\"col-auto\">\r\n                        <!-- ICON -->\r\n                                                <img decoding=\"async\" class=\"fashion-accordion__icon\" src=\"https:\/\/www.helenopolis.es\/wp-content\/uploads\/investment.svg\" alt=\"\">\r\n                    <\/div>\r\n                                        <div class=\"col\">\r\n                        <div class=\"accordion-header fashion-accordion__header\" id=\"heading-5\">\r\n                            <button class=\"fashion-accordion__button btn border-0 p-0 text-start w-100 disabled\" type=\"button\" data-bs-toggle=\"collapse\" data-bs-target=\"#collapse-5\" aria-expanded=\"false\" aria-controls=\"collapse-5\">\r\n                                                                    <h3 class=\"fashion-accordion__title\">Consultor\u00eda de inversiones<\/h3>\r\n                                                            <\/button>\r\n                        <\/div>\r\n    \r\n                        <div class=\"accordion-collapse\" id=\"collapse-5\" aria-labelledby=\"heading-5\"  >\r\n                            <div class=\"accordion-body fashion-accordion__body p-0\">\r\n                                <p class=\"fashion-accordion__text my-24\">Nuestro equipo de expertos ofrece servicios de consultor\u00eda de inversi\u00f3n, gui\u00e1ndole en la toma de decisiones informadas y maximizando sus inversiones inmobiliarias en la Costa del Sol.<\/p>\r\n                            <\/div>\r\n                        <\/div>\r\n                    <\/div>\r\n\r\n                <\/div>\r\n             \r\n        <\/div>\r\n    <\/div>\r\n<\/div>\r\n\r\n\r\n\n\n\n\n    <section class=\"fashion-columns py-50 border-top border-bottom border-dark\">\n        <div class=\"container\">\n            <div class=\"row text-center\">\n    \n                                <div class=\"fashion-column col\">\n\n                                            <h3 class=\"fashion-column__title mb-20\">Solicitar m\u00e1s informaci\u00f3n<\/h3>\n                                        \n                    <!-- COLUMN TYPE CONTENT -->\n                                            <form action=\"https:\/\/helenopolis.es\/es\/wp-json\/ws-form\/v1\/submit\" class=\"wsf-form wsf-form-canvas\" id=\"ws-form-1\" data-id=\"2\" data-instance-id=\"1\" method=\"POST\" data-trp-original-action=\"https:\/\/helenopolis.es\/es\/wp-json\/ws-form\/v1\/submit\"><input type=\"hidden\" name=\"trp-form-language\" value=\"es\"\/><\/form>                        \n                    \n                <\/div>\n                    \n            <\/div>\n        <\/div>\n    <\/section>","protected":false},"excerpt":{"rendered":"","protected":false},"author":3,"featured_media":0,"parent":0,"menu_order":0,"comment_status":"closed","ping_status":"closed","template":"","meta":{"footnotes":""},"class_list":["post-51","page","type-page","status-publish","hentry"],"_links":{"self":[{"href":"https:\/\/helenopolis.es\/es\/wp-json\/wp\/v2\/pages\/51","targetHints":{"allow":["GET"]}}],"collection":[{"href":"https:\/\/helenopolis.es\/es\/wp-json\/wp\/v2\/pages"}],"about":[{"href":"https:\/\/helenopolis.es\/es\/wp-json\/wp\/v2\/types\/page"}],"author":[{"embeddable":true,"href":"https:\/\/helenopolis.es\/es\/wp-json\/wp\/v2\/users\/3"}],"replies":[{"embeddable":true,"href":"https:\/\/helenopolis.es\/es\/wp-json\/wp\/v2\/comments?post=51"}],"version-history":[{"count":1,"href":"https:\/\/helenopolis.es\/es\/wp-json\/wp\/v2\/pages\/51\/revisions"}],"predecessor-version":[{"id":23043,"href":"https:\/\/helenopolis.es\/es\/wp-json\/wp\/v2\/pages\/51\/revisions\/23043"}],"wp:attachment":[{"href":"https:\/\/helenopolis.es\/es\/wp-json\/wp\/v2\/media?parent=51"}],"curies":[{"name":"wp","href":"https:\/\/api.w.org\/{rel}","templated":true}]}}