              
{"id":49,"date":"2023-08-30T08:13:42","date_gmt":"2023-08-30T08:13:42","guid":{"rendered":"https:\/\/helenopolis.es\/?page_id=49"},"modified":"2026-04-09T15:24:42","modified_gmt":"2026-04-09T13:24:42","slug":"about-us","status":"publish","type":"page","link":"https:\/\/helenopolis.es\/es\/sobre-nosotros\/","title":{"rendered":"Qui\u00e9nes somos"},"content":{"rendered":"<section \n    class=\"fashion-title bg-dark py-50\"\n    style=\"                    background-image:url(https:\/\/helenopolis.es\/wp-content\/uploads\/Diseno-sin-titulo-2.png);            \">\n        \n        <div class=\"container-fluid\">\n            <h1 class=\"h2 fashion-title__title text-center text-white\">\n                                    Qui\u00e9nes somos                            <\/h1>\n        <\/div>\n\n    <\/section>\n\n\n\n\n\n    <section class=\"fashion-columns my-48\">\n        <div class=\"container\">\n            <div class=\"row gx-md-100\">\n    \n                                <div class=\"fashion-column col col-12 col-md\">\n\n                                        \n                    <!-- COLUMN TYPE CONTENT -->\n                                            <img decoding=\"async\" class=\"fashion-column__image\" src=\"https:\/\/helenopolis.es\/wp-content\/uploads\/Imagen-de-WhatsApp-2025-03-14-a-las-17.24.41_7335393c-885x1024.jpg\">\n                        \n                    \n                <\/div>\n                                <div class=\"fashion-column col col-12 col-md align-self-center py-60 py-md-0\">\n\n                                            <h3 class=\"fashion-column__title mb-20\">Nuestra historia<\/h3>\n                                        \n                    <!-- COLUMN TYPE CONTENT -->\n                                            <p>Desde 2005, hemos realizado con \u00e9xito m\u00e1s de 150 proyectos, m\u00e1s de 100.000 m2 de cubiertas y un volumen de participaci\u00f3n de m\u00e1s de 200 millones de euros.<\/p>\r\n<p>Con una rica historia en la industria inmobiliaria, somos un experto de confianza y dedicado en parcelas, casas, construcciones y apartamentos. Nuestra empresa ha estado sirviendo a clientes en la Costa del Sol durante m\u00e1s de una d\u00e9cada, estableciendo una fuerte presencia y una reputaci\u00f3n de excelencia.<\/p>\r\n<p>Ofrecemos una amplia gama de propiedades en venta, incluyendo parcelas, casas y apartamentos. Tanto si busca un terreno para construir la casa de sus sue\u00f1os, una casa acogedora en la que instalarse o un apartamento de lujo para disfrutar de sus vacaciones, tenemos opciones que se adaptan a todas las necesidades y preferencias.<\/p>\r\n<p>Con nuestro profundo conocimiento del mercado local y nuestro compromiso con la excelencia, hemos completado con \u00e9xito numerosos proyectos a lo largo de la costa. Nuestra cartera muestra una amplia gama de impresionantes propiedades que han sido meticulosamente dise\u00f1adas y construidas para cumplir con los m\u00e1s altos est\u00e1ndares de calidad y est\u00e9tica.<\/p>\n                    \n                <\/div>\n                    \n            <\/div>\n        <\/div>\n    <\/section>\n    \n\n\n\n\n    <section class=\"fashion-columns my-48\">\n        <div class=\"container\">\n            <div class=\"row gx-md-100\">\n    \n                                <div class=\"fashion-column col col-12 col-md order-2 order-md-1 align-self-center py-60 py-md-0\">\n\n                                            <h3 class=\"fashion-column__title mb-20\">Misi\u00f3n<\/h3>\n                                        \n                    <!-- COLUMN TYPE CONTENT -->\n                                            <p>Nuestra misi\u00f3n es proporcionar servicios inmobiliarios excepcionales que superen las expectativas de nuestros clientes. Nos esforzamos por ser la fuente a la que acudir para todas sus necesidades inmobiliarias en la Costa del Sol. Nuestro compromiso es ofrecer profesionalidad, transparencia y atenci\u00f3n personalizada a todos y cada uno de nuestros clientes, asegurando su satisfacci\u00f3n durante todo el proceso.<\/p>\n                    \n                <\/div>\n                                <div class=\"fashion-column col col-12 col-md order-1 order-md-2\">\n\n                                        \n                    <!-- COLUMN TYPE CONTENT -->\n                                            <img decoding=\"async\" class=\"fashion-column__image\" src=\"https:\/\/helenopolis.es\/wp-content\/uploads\/Imagen-de-WhatsApp-2025-03-14-a-las-17.24.40_af9ffb83.jpg\">\n                        \n                    \n                <\/div>\n                    \n            <\/div>\n        <\/div>\n    <\/section>\n    \n\n\n\n\n    <section class=\"fashion-columns my-48\">\n        <div class=\"container\">\n            <div class=\"row gx-md-100\">\n    \n                                <div class=\"fashion-column col col-12 col-md\">\n\n                                        \n                    <!-- COLUMN TYPE CONTENT -->\n                                            <img decoding=\"async\" class=\"fashion-column__image\" src=\"https:\/\/helenopolis.es\/wp-content\/uploads\/Imagen-de-WhatsApp-2025-03-14-a-las-17.24.40_dd7cb2b8-684x1024.jpg\">\n                        \n                    \n                <\/div>\n                                <div class=\"fashion-column col col-12 col-md align-self-center py-60 py-md-0\">\n\n                                            <h3 class=\"fashion-column__title mb-20\">Valores<\/h3>\n                                        \n                    <!-- COLUMN TYPE CONTENT -->\n                                            <p><strong>Integridad:<\/strong> Desarrollamos nuestra actividad con la m\u00e1xima honradez, transparencia y \u00e9tica. Su confianza es nuestro activo m\u00e1s valioso y nos comprometemos a mantenerla.<\/p>\r\n<p><strong>Profesionalidad:<\/strong> Nuestro equipo de expertos est\u00e1 formado por profesionales cualificados con amplios conocimientos del mercado inmobiliario. Proporcionamos asesoramiento y orientaci\u00f3n expertos para garantizar una toma de decisiones informada.<\/p>\r\n<p><strong>Atenci\u00f3n al cliente:<\/strong> Damos prioridad a sus necesidades y trabajamos sin descanso para encontrar la propiedad perfecta que cumpla sus requisitos. Su satisfacci\u00f3n est\u00e1 en el centro de todo lo que hacemos.<\/p>\r\n<p><strong>Colaboraci\u00f3n:<\/strong> Creemos en el fomento de asociaciones y colaboraciones s\u00f3lidas. Colaboramos con m\u00e1s de 1500 agencias en la Costa del Sol, y con las principales agencias del Reino Unido, Escandinavia, Ir\u00e1n, Francia, Polonia, Ucrania, Marruecos, Om\u00e1n, Emiratos \u00c1rabes Unidos, etc.<\/p>\n                    \n                <\/div>\n                    \n            <\/div>\n        <\/div>\n    <\/section>\n    \n\n\n\n\n    <section\n        class=\"fashion-team        text-center                    bg-light                            separators                my-60                my-lg-200\">\n\n        <div class=\"container mb-0\">\n            <div class=\"row\">\n                <div class=\"col-12 py-40\">\n                    <h3>Meet the Team<\/h3>\n                    <p>In addition to our extensive property listings, we are proud to have a team of professionals ready to assist you every step of the way. Our team includes architects, building engineers, and economists, who can help design and plan your projects, provide cost estimates, and oversee the construction process. Whether it\u2019s a new construction or a remodeling project, we have the expertise to bring your vision to life.<\/p>\n                <\/div>\n            <\/div>\n            <div class=\"row\">\n                                <div class=\"col py-20 col-lg-4 col-md-6\">\n                    <!-- pfp -->\n                                        <img decoding=\"async\" class=\"fashion-team__pfp\" src=\"https:\/\/helenopolis.es\/wp-content\/uploads\/Post-IG-1-2-819x1024.png\" alt=\"\">\n                    <p class=\"my-4 font-size--20\">Francisco Estebanez<\/p>\n                    <p class=\"my-4 text-primary text-uppercase font-size--14\">CEO<\/p>\n                                    <\/div>\n                                <div class=\"col py-20 col-lg-4 col-md-6\">\n                    <!-- pfp -->\n                                        <img decoding=\"async\" class=\"fashion-team__pfp\" src=\"https:\/\/helenopolis.es\/wp-content\/uploads\/Imagen-de-WhatsApp-2025-03-18-a-las-11.44.08_a6518988-1-819x1024.png\" alt=\"\">\n                    <p class=\"my-4 font-size--20\">Ricardo Balvis<\/p>\n                    <p class=\"my-4 text-primary text-uppercase font-size--14\">Commercial Director<\/p>\n                                    <\/div>\n                                <div class=\"col py-20 col-lg-4 col-6\">\n                    <!-- pfp -->\n                                        <img decoding=\"async\" class=\"fashion-team__pfp\" src=\"https:\/\/helenopolis.es\/wp-content\/uploads\/123-768x1024.png\" alt=\"\">\n                    <p class=\"my-4 font-size--20\">Yossi Obadia<\/p>\n                    <p class=\"my-4 text-primary text-uppercase font-size--14\">International Real Estate &amp; Financial Consultant<\/p>\n                                    <\/div>\n                                <div class=\"col py-20 col-lg-4 col-md-6\">\n                    <!-- pfp -->\n                                        <img decoding=\"async\" class=\"fashion-team__pfp\" src=\"https:\/\/helenopolis.es\/wp-content\/uploads\/Post-IG-2-1-819x1024.png\" alt=\"\">\n                    <p class=\"my-4 font-size--20\">Fiorella Inverso<\/p>\n                    <p class=\"my-4 text-primary text-uppercase font-size--14\">Ejecutiva de cuentas y ventas<\/p>\n                                    <\/div>\n                                <div class=\"col py-20 col-lg-4 col-6\">\n                    <!-- pfp -->\n                                        <img decoding=\"async\" class=\"fashion-team__pfp\" src=\"https:\/\/helenopolis.es\/wp-content\/uploads\/WhatsApp-Image-2025-03-26-at-13.17.41-1.png\" alt=\"\">\n                    <p class=\"my-4 font-size--20\">Alvaro Silva<\/p>\n                    <p class=\"my-4 text-primary text-uppercase font-size--14\">Athlete Investment Connector<\/p>\n                                    <\/div>\n                            <\/div>\n        <\/div>\n    <\/section>\n    \n\n\n\n\n    <section class=\"fashion-testimonials text-center mt-50\">\n        <div class=\"container-fluid p-0\">\n            <div class=\"row gx-100 m-0\">\n    \n                <div class=\"col py-70\">\n                    <h3 class=\"fashion-testimonials__title mb-90\">\n                        Testimonios                    <\/h2>\n\n                    <div class=\"fashion-testimonials__slider mb-90\">\n\n                        <div class=\"swiper-wrapper mb-90\">\n                                                                                            <div class=\"swiper-slide\">\n                                    <img decoding=\"async\" src=\"\">\n                                    <h4 class=\"font-size--25 font--sans text-black\">Javier Rodr\u00edguez<\/h4>\n                                    <p class=\"font-size--12 font--sans text-primary text-uppercase mb-30\">Comprador<\/p>\n                                    <p class=\"text-black\">Recientemente vend\u00ed mi propiedad con Helenopolis Real Estate, y la experiencia fue excepcional. De principio a fin, el equipo demostr\u00f3 profesionalidad y experiencia. Gracias a sus esfuerzos, mi propiedad se vendi\u00f3 r\u00e1pidamente y a un precio que super\u00f3 mis expectativas. \u00a1Muy recomendable!<\/p>\n                                <\/div>\n                                                                                            <div class=\"swiper-slide\">\n                                    <img decoding=\"async\" src=\"\">\n                                    <h4 class=\"font-size--25 font--sans text-black\">Lena M\u00fcller<\/h4>\n                                    <p class=\"font-size--12 font--sans text-primary text-uppercase mb-30\">Comprador<\/p>\n                                    <p class=\"text-black\">Vender mi casa con Helenopolis fue fant\u00e1stico. El equipo era atento, bien informado y dedicado a lograr el mejor resultado. Su enfoque estrat\u00e9gico para la comercializaci\u00f3n y la negociaci\u00f3n fue impresionante. \u00a1Emocionado con el \u00e9xito de la venta!<\/p>\n                                <\/div>\n                                                                                            <div class=\"swiper-slide\">\n                                    <img decoding=\"async\" src=\"\">\n                                    <h4 class=\"font-size--25 font--sans text-black\">Pieter van der Berg<\/h4>\n                                    <p class=\"font-size--12 font--sans text-primary text-uppercase mb-30\">Comprador<\/p>\n                                    <p class=\"text-black\">Helenopolis Real Estate hizo la venta de mi casa libre de estr\u00e9s. Su atenci\u00f3n al detalle, experiencia en el mercado, y el compromiso con la satisfacci\u00f3n del cliente eran evidentes. Gracias a sus esfuerzos, mi propiedad se vendi\u00f3 r\u00e1pidamente, y recomiendo encarecidamente sus servicios.<\/p>\n                                <\/div>\n                                                                                            <div class=\"swiper-slide\">\n                                    <img decoding=\"async\" src=\"\">\n                                    <h4 class=\"font-size--25 font--sans text-black\">Emily Turner<\/h4>\n                                    <p class=\"font-size--12 font--sans text-primary text-uppercase mb-30\">Comprador<\/p>\n                                    <p class=\"text-black\">Mi experiencia vendiendo mi casa con Helenopolis Real Estate super\u00f3 las expectativas. La dedicaci\u00f3n del equipo, el an\u00e1lisis exhaustivo del mercado y la comunicaci\u00f3n transparente hicieron que el proceso fuera fluido. Recomiendo encarecidamente Helenopolis para una experiencia inmobiliaria fiable e informada.<\/p>\n                                <\/div>\n                                                    <\/div>\n\n                        <div class=\"swiper-pagination\"><\/div>\n                    <\/div>\n\n                <\/div>\n\n                            <\/div>\n\n        <\/div>\n    <\/section>\n    \n\n\n\n\n\n    \n    <section class=\"koble-map\">\n        <div class=\"container-fluid p-0\">\n            <div class=\"row m-0\">\n    \n            <div \n                id=\"koble-map\"\n                data-lat=\"36.539387326282\"\n                data-lng=\"-4.6269555312183\"\n                data-pin=\"https:\/\/helenopolis.es\/wp-content\/uploads\/pin-1.png\"\n                data-gmlink=\"https:\/\/goo.gl\/maps\/n3xUbSoaz13cWaHu6\"\n                data-style=\"[{&quot;featureType&quot;:&quot;water&quot;,&quot;elementType&quot;:&quot;geometry&quot;,&quot;stylers&quot;:[{&quot;color&quot;:&quot;#e9e9e9&quot;},{&quot;lightness&quot;:17}]},{&quot;featureType&quot;:&quot;landscape&quot;,&quot;elementType&quot;:&quot;geometry&quot;,&quot;stylers&quot;:[{&quot;color&quot;:&quot;#f5f5f5&quot;},{&quot;lightness&quot;:20}]},{&quot;featureType&quot;:&quot;road.highway&quot;,&quot;elementType&quot;:&quot;geometry.fill&quot;,&quot;stylers&quot;:[{&quot;color&quot;:&quot;#ffffff&quot;},{&quot;lightness&quot;:17}]},{&quot;featureType&quot;:&quot;road.highway&quot;,&quot;elementType&quot;:&quot;geometry.stroke&quot;,&quot;stylers&quot;:[{&quot;color&quot;:&quot;#ffffff&quot;},{&quot;lightness&quot;:29},{&quot;weight&quot;:0.2}]},{&quot;featureType&quot;:&quot;road.arterial&quot;,&quot;elementType&quot;:&quot;geometry&quot;,&quot;stylers&quot;:[{&quot;color&quot;:&quot;#ffffff&quot;},{&quot;lightness&quot;:18}]},{&quot;featureType&quot;:&quot;road.local&quot;,&quot;elementType&quot;:&quot;geometry&quot;,&quot;stylers&quot;:[{&quot;color&quot;:&quot;#ffffff&quot;},{&quot;lightness&quot;:16}]},{&quot;featureType&quot;:&quot;poi&quot;,&quot;elementType&quot;:&quot;geometry&quot;,&quot;stylers&quot;:[{&quot;color&quot;:&quot;#f5f5f5&quot;},{&quot;lightness&quot;:21}]},{&quot;featureType&quot;:&quot;poi.park&quot;,&quot;elementType&quot;:&quot;geometry&quot;,&quot;stylers&quot;:[{&quot;color&quot;:&quot;#dedede&quot;},{&quot;lightness&quot;:21}]},{&quot;elementType&quot;:&quot;labels.text.stroke&quot;,&quot;stylers&quot;:[{&quot;visibility&quot;:&quot;on&quot;},{&quot;color&quot;:&quot;#ffffff&quot;},{&quot;lightness&quot;:16}]},{&quot;elementType&quot;:&quot;labels.text.fill&quot;,&quot;stylers&quot;:[{&quot;saturation&quot;:36},{&quot;color&quot;:&quot;#333333&quot;},{&quot;lightness&quot;:40}]},{&quot;elementType&quot;:&quot;labels.icon&quot;,&quot;stylers&quot;:[{&quot;visibility&quot;:&quot;off&quot;}]},{&quot;featureType&quot;:&quot;transit&quot;,&quot;elementType&quot;:&quot;geometry&quot;,&quot;stylers&quot;:[{&quot;color&quot;:&quot;#f2f2f2&quot;},{&quot;lightness&quot;:19}]},{&quot;featureType&quot;:&quot;administrative&quot;,&quot;elementType&quot;:&quot;geometry.fill&quot;,&quot;stylers&quot;:[{&quot;color&quot;:&quot;#fefefe&quot;},{&quot;lightness&quot;:20}]},{&quot;featureType&quot;:&quot;administrative&quot;,&quot;elementType&quot;:&quot;geometry.stroke&quot;,&quot;stylers&quot;:[{&quot;color&quot;:&quot;#fefefe&quot;},{&quot;lightness&quot;:17},{&quot;weight&quot;:1.2}]}]\"\n                style=\"\"\n            >\n            <\/div>\n\n        <\/div>\n    <\/section>\n    \n\n\n\n<p><\/p>","protected":false},"excerpt":{"rendered":"","protected":false},"author":3,"featured_media":0,"parent":0,"menu_order":0,"comment_status":"closed","ping_status":"closed","template":"","meta":{"footnotes":""},"class_list":["post-49","page","type-page","status-publish","hentry"],"_links":{"self":[{"href":"https:\/\/helenopolis.es\/es\/wp-json\/wp\/v2\/pages\/49","targetHints":{"allow":["GET"]}}],"collection":[{"href":"https:\/\/helenopolis.es\/es\/wp-json\/wp\/v2\/pages"}],"about":[{"href":"https:\/\/helenopolis.es\/es\/wp-json\/wp\/v2\/types\/page"}],"author":[{"embeddable":true,"href":"https:\/\/helenopolis.es\/es\/wp-json\/wp\/v2\/users\/3"}],"replies":[{"embeddable":true,"href":"https:\/\/helenopolis.es\/es\/wp-json\/wp\/v2\/comments?post=49"}],"version-history":[{"count":34,"href":"https:\/\/helenopolis.es\/es\/wp-json\/wp\/v2\/pages\/49\/revisions"}],"predecessor-version":[{"id":23149,"href":"https:\/\/helenopolis.es\/es\/wp-json\/wp\/v2\/pages\/49\/revisions\/23149"}],"wp:attachment":[{"href":"https:\/\/helenopolis.es\/es\/wp-json\/wp\/v2\/media?parent=49"}],"curies":[{"name":"wp","href":"https:\/\/api.w.org\/{rel}","templated":true}]}}